{"id":95,"date":"2023-11-18T18:02:30","date_gmt":"2023-11-18T17:02:30","guid":{"rendered":"https:\/\/sercuriteservicesformations.fr\/?page_id=95"},"modified":"2024-01-02T15:36:10","modified_gmt":"2024-01-02T14:36:10","slug":"autorisations-de-conduite","status":"publish","type":"page","link":"https:\/\/securiteservicesformations.com\/index.php\/autorisations-de-conduite\/","title":{"rendered":"Autorisations de conduite"},"content":{"rendered":"\n<hr class=\"wp-block-separator has-alpha-channel-opacity\"\/>\n\n\n\n<h2 class=\"wp-block-heading\">Descriptions des formations :<\/h2>\n\n\n\n<p>L&#8217;employeur s&rsquo;assure pour chaque personne concern\u00e9e par la conduite d&rsquo;un \u00e9quipement de travail mobile :<\/p>\n\n\n\n<ul class=\"wp-block-list\">\n<li>Aptitude m\u00e9dicale au poste de travail.<\/li>\n\n\n\n<li>Contr\u00f4le des connaissances et du savoir-faire de l&rsquo;op\u00e9rateur pour la conduite s\u00e9curis\u00e9 de l&rsquo;\u00e9quipement de travail.<\/li>\n\n\n\n<li>Connaissance des lieux et des instructions \u00e0 respecter sur le(s) site(s) d&rsquo;utilisation.<\/li>\n<\/ul>\n\n\n\n<p>En vue de lui d\u00e9livrer une autorisation de conduite (obligatoire depuis le 2 d\u00e9cembre 1998).<\/p>\n\n\n\n<p>SSF est habilit\u00e9 \u00e0 d\u00e9livrer les autorisations de conduite suivantes :<\/p>\n\n\n\n<ul class=\"wp-block-list\">\n<li>R-485 toute cat\u00e9gorie<\/li>\n\n\n\n<li>R-486<\/li>\n\n\n\n<li>R-489 toute cat\u00e9gorie<\/li>\n<\/ul>\n\n\n\n<hr class=\"wp-block-separator has-alpha-channel-opacity\"\/>\n\n\n\n<h2 class=\"wp-block-heading\">Informations pratiques :<\/h2>\n\n\n\n<p><strong>Dur\u00e9e de la formation :<\/strong><br>1 \u00e0 2 jour de th\u00e9orie et de pratique (variable selon la (les) cat\u00e9gorie(s) d&rsquo;engins , le nombre de stagiaire et leur exp\u00e9rience)<\/p>\n\n\n\n<p><strong>Public concern\u00e9 :<\/strong><br>Toute personne \u00e9tant amen\u00e9e a conduire un \u00e9quipement de travail mobile.<\/p>\n\n\n\n<p><strong>Effectif par session :<\/strong><br>Th\u00e9orie : 12 participants<br>Pratique : 6 participants et\/ou 6 cas pratiques par jour.<\/p>\n\n\n\n<p><strong>M\u00e9thodes p\u00e9dagogiques :<\/strong><br>Apprentissage th\u00e9orique et pratique.<\/p>\n\n\n\n<p><strong>Maintien des comp\u00e9tences :<\/strong><br>Aussi souvent que n\u00e9cessaire (5 ans maximum)<\/p>\n\n\n\n<p><strong>Validation des acquis :<\/strong><br>Attestation de formation et de r\u00e9ussite.<\/p>\n\n\n\n<p><strong>Mat\u00e9riel p\u00e9dagogique :<\/strong><br>Ordinateur, vid\u00e9oprojecteur, pr\u00e9sentation PowerPoint, \u00e9quipement de travail mobile (chariots \u00e9l\u00e9vateurs, plateformes \u00e9l\u00e9vatrices, chariots de manutentions, gerbeurs, etc&#8230;), livret de formation.<\/p>\n\n\n\n<p><strong>R\u00e9f\u00e9rences r\u00e9glementaires :<\/strong><br>Article R4323-55 du code du travail.<br>Article R4323-56 du code du travail.<br>Article R4323-57 du code du travail.<br>Arr\u00eat\u00e9 et D\u00e9cret du 02\/12\/98 et sa circulaire d&rsquo;application du 16\/06\/99.<br>R 485 de la CNAM.<br>R 486 de la CNAM.<br>R 489 de la CNAM.<\/p>\n\n\n\n<p><strong>Accessibilit\u00e9 :<\/strong><br>SSF s\u2019engage \u00e0 favoriser l\u2019acc\u00e8s \u00e0 la formation pour toutes et pour tous. Pour toute question, vous pouvez solliciter notre r\u00e9f\u00e9rent handicap.<\/p>\n\n\n\n<p><strong>Lieu de formation :<\/strong><br>Formation Intra-Entreprise, la formation est r\u00e9alis\u00e9e dans vos locaux selon vos disponibilit\u00e9s.<\/p>\n\n\n\n<p><strong>Informations tarifaire :<\/strong><br>Pour obtenir un tarif veuillez nous contacter via les moyens de contact ci-dessous.<br><br>T\u00e9l\u00e9phone : 06.19.28.18.56<br>Mail : securiteservicesformations@gmail.com<\/p>\n\n\n\n<p><strong>Plaquettes de formation :<\/strong><\/p>\n\n\n\n<div data-wp-interactive=\"core\/file\" class=\"wp-block-file\"><object data-wp-bind--hidden=\"!state.hasPdfPreview\" hidden class=\"wp-block-file__embed\" data=\"https:\/\/securiteservicesformations.com\/wp-content\/uploads\/2024\/01\/Programme-autor-484-formation-autorisation-de-conduite-r484-pont-roulant-et-palans-SSF.pdf\" type=\"application\/pdf\" style=\"width:100%;height:600px\" aria-label=\"Contenu embarqu\u00e9 Programme-autor-484-formation-autorisation-de-conduite-r484-pont-roulant-et-palans-SSF.\"><\/object><a id=\"wp-block-file--media-cdcbc3d7-34fb-411e-a922-330d95a8b671\" href=\"https:\/\/securiteservicesformations.com\/wp-content\/uploads\/2024\/01\/Programme-autor-484-formation-autorisation-de-conduite-r484-pont-roulant-et-palans-SSF.pdf\">Programme-autor-484-formation-autorisation-de-conduite-r484-pont-roulant-et-palans-SSF<\/a><a href=\"https:\/\/securiteservicesformations.com\/wp-content\/uploads\/2024\/01\/Programme-autor-484-formation-autorisation-de-conduite-r484-pont-roulant-et-palans-SSF.pdf\" class=\"wp-block-file__button wp-element-button\" download aria-describedby=\"wp-block-file--media-cdcbc3d7-34fb-411e-a922-330d95a8b671\">T\u00e9l\u00e9charger<\/a><\/div>\n\n\n\n<div data-wp-interactive=\"core\/file\" class=\"wp-block-file\"><object data-wp-bind--hidden=\"!state.hasPdfPreview\" hidden class=\"wp-block-file__embed\" data=\"https:\/\/securiteservicesformations.com\/wp-content\/uploads\/2024\/01\/Programe-formation-autorisation-de-conduite-r486-nacelle-pemp-categorie-a-b-c.pdf\" type=\"application\/pdf\" style=\"width:100%;height:600px\" aria-label=\"Contenu embarqu\u00e9 Programe-formation-autorisation-de-conduite-r486-nacelle-pemp-categorie-a-b-c.\"><\/object><a id=\"wp-block-file--media-d9a3bf26-3513-48c3-9932-275f2eb349dd\" href=\"https:\/\/securiteservicesformations.com\/wp-content\/uploads\/2024\/01\/Programe-formation-autorisation-de-conduite-r486-nacelle-pemp-categorie-a-b-c.pdf\">Programe-formation-autorisation-de-conduite-r486-nacelle-pemp-categorie-a-b-c<\/a><a href=\"https:\/\/securiteservicesformations.com\/wp-content\/uploads\/2024\/01\/Programe-formation-autorisation-de-conduite-r486-nacelle-pemp-categorie-a-b-c.pdf\" class=\"wp-block-file__button wp-element-button\" download aria-describedby=\"wp-block-file--media-d9a3bf26-3513-48c3-9932-275f2eb349dd\">T\u00e9l\u00e9charger<\/a><\/div>\n\n\n\n<div data-wp-interactive=\"core\/file\" class=\"wp-block-file\"><object data-wp-bind--hidden=\"!state.hasPdfPreview\" hidden class=\"wp-block-file__embed\" data=\"https:\/\/securiteservicesformations.com\/wp-content\/uploads\/2024\/01\/Programme-formation-autorisation-de-conduite-r489-chariot-elevateur.pdf\" type=\"application\/pdf\" style=\"width:100%;height:600px\" aria-label=\"Contenu embarqu\u00e9 Programme-formation-autorisation-de-conduite-r489-chariot-elevateur.\"><\/object><a id=\"wp-block-file--media-838287a5-a0a0-48b3-b713-6a6920630c22\" href=\"https:\/\/securiteservicesformations.com\/wp-content\/uploads\/2024\/01\/Programme-formation-autorisation-de-conduite-r489-chariot-elevateur.pdf\">Programme-formation-autorisation-de-conduite-r489-chariot-elevateur<\/a><a href=\"https:\/\/securiteservicesformations.com\/wp-content\/uploads\/2024\/01\/Programme-formation-autorisation-de-conduite-r489-chariot-elevateur.pdf\" class=\"wp-block-file__button wp-element-button\" download aria-describedby=\"wp-block-file--media-838287a5-a0a0-48b3-b713-6a6920630c22\">T\u00e9l\u00e9charger<\/a><\/div>\n","protected":false},"excerpt":{"rendered":"<p>Descriptions des formations : L&#8217;employeur s&rsquo;assure pour chaque personne concern\u00e9e par la conduite d&rsquo;un \u00e9quipement de travail mobile : En vue de lui d\u00e9livrer une autorisation de conduite (obligatoire&#8230;<\/p>\n","protected":false},"author":1,"featured_media":131,"parent":0,"menu_order":0,"comment_status":"closed","ping_status":"closed","template":"","meta":{"footnotes":""},"class_list":["post-95","page","type-page","status-publish","has-post-thumbnail","hentry"],"yoast_head":"<!-- This site is optimized with the Yoast SEO plugin v24.5 - https:\/\/yoast.com\/wordpress\/plugins\/seo\/ -->\n<title>Autorisations de conduite - S\u00e9curit\u00e9 services formations<\/title>\n<meta name=\"robots\" content=\"index, follow, max-snippet:-1, max-image-preview:large, max-video-preview:-1\" \/>\n<link rel=\"canonical\" href=\"https:\/\/securiteservicesformations.com\/index.php\/autorisations-de-conduite\/\" \/>\n<meta property=\"og:locale\" content=\"fr_FR\" \/>\n<meta property=\"og:type\" content=\"article\" \/>\n<meta property=\"og:title\" content=\"Autorisations de conduite - S\u00e9curit\u00e9 services formations\" \/>\n<meta property=\"og:description\" content=\"Descriptions des formations : L&#8217;employeur s&rsquo;assure pour chaque personne concern\u00e9e par la conduite d&rsquo;un \u00e9quipement de travail mobile : En vue de lui d\u00e9livrer une autorisation de conduite (obligatoire...\" \/>\n<meta property=\"og:url\" content=\"https:\/\/securiteservicesformations.com\/index.php\/autorisations-de-conduite\/\" \/>\n<meta property=\"og:site_name\" content=\"S\u00e9curit\u00e9 services formations\" \/>\n<meta property=\"article:modified_time\" content=\"2024-01-02T14:36:10+00:00\" \/>\n<meta property=\"og:image\" content=\"https:\/\/securiteservicesformations.com\/wp-content\/uploads\/2023\/11\/Sans-titre-1-S.png\" \/>\n\t<meta property=\"og:image:width\" content=\"1920\" \/>\n\t<meta property=\"og:image:height\" content=\"1000\" \/>\n\t<meta property=\"og:image:type\" content=\"image\/png\" \/>\n<meta name=\"twitter:card\" content=\"summary_large_image\" \/>\n<meta name=\"twitter:label1\" content=\"Dur\u00e9e de lecture estim\u00e9e\" \/>\n\t<meta name=\"twitter:data1\" content=\"2 minutes\" \/>\n<script type=\"application\/ld+json\" class=\"yoast-schema-graph\">{\"@context\":\"https:\/\/schema.org\",\"@graph\":[{\"@type\":\"WebPage\",\"@id\":\"https:\/\/securiteservicesformations.com\/index.php\/autorisations-de-conduite\/\",\"url\":\"https:\/\/securiteservicesformations.com\/index.php\/autorisations-de-conduite\/\",\"name\":\"Autorisations de conduite - S\u00e9curit\u00e9 services formations\",\"isPartOf\":{\"@id\":\"https:\/\/securiteservicesformations.com\/#website\"},\"primaryImageOfPage\":{\"@id\":\"https:\/\/securiteservicesformations.com\/index.php\/autorisations-de-conduite\/#primaryimage\"},\"image\":{\"@id\":\"https:\/\/securiteservicesformations.com\/index.php\/autorisations-de-conduite\/#primaryimage\"},\"thumbnailUrl\":\"https:\/\/securiteservicesformations.com\/wp-content\/uploads\/2023\/11\/Sans-titre-1-S.png\",\"datePublished\":\"2023-11-18T17:02:30+00:00\",\"dateModified\":\"2024-01-02T14:36:10+00:00\",\"breadcrumb\":{\"@id\":\"https:\/\/securiteservicesformations.com\/index.php\/autorisations-de-conduite\/#breadcrumb\"},\"inLanguage\":\"fr-FR\",\"potentialAction\":[{\"@type\":\"ReadAction\",\"target\":[\"https:\/\/securiteservicesformations.com\/index.php\/autorisations-de-conduite\/\"]}]},{\"@type\":\"ImageObject\",\"inLanguage\":\"fr-FR\",\"@id\":\"https:\/\/securiteservicesformations.com\/index.php\/autorisations-de-conduite\/#primaryimage\",\"url\":\"https:\/\/securiteservicesformations.com\/wp-content\/uploads\/2023\/11\/Sans-titre-1-S.png\",\"contentUrl\":\"https:\/\/securiteservicesformations.com\/wp-content\/uploads\/2023\/11\/Sans-titre-1-S.png\",\"width\":1920,\"height\":1000},{\"@type\":\"BreadcrumbList\",\"@id\":\"https:\/\/securiteservicesformations.com\/index.php\/autorisations-de-conduite\/#breadcrumb\",\"itemListElement\":[{\"@type\":\"ListItem\",\"position\":1,\"name\":\"Accueil\",\"item\":\"https:\/\/securiteservicesformations.com\/\"},{\"@type\":\"ListItem\",\"position\":2,\"name\":\"Autorisations de conduite\"}]},{\"@type\":\"WebSite\",\"@id\":\"https:\/\/securiteservicesformations.com\/#website\",\"url\":\"https:\/\/securiteservicesformations.com\/\",\"name\":\"S\u00e9curit\u00e9 services formations\",\"description\":\"Entreprise proposant des formations.\",\"publisher\":{\"@id\":\"https:\/\/securiteservicesformations.com\/#organization\"},\"potentialAction\":[{\"@type\":\"SearchAction\",\"target\":{\"@type\":\"EntryPoint\",\"urlTemplate\":\"https:\/\/securiteservicesformations.com\/?s={search_term_string}\"},\"query-input\":{\"@type\":\"PropertyValueSpecification\",\"valueRequired\":true,\"valueName\":\"search_term_string\"}}],\"inLanguage\":\"fr-FR\"},{\"@type\":\"Organization\",\"@id\":\"https:\/\/securiteservicesformations.com\/#organization\",\"name\":\"S\u00e9curit\u00e9 services formations\",\"url\":\"https:\/\/securiteservicesformations.com\/\",\"logo\":{\"@type\":\"ImageObject\",\"inLanguage\":\"fr-FR\",\"@id\":\"https:\/\/securiteservicesformations.com\/#\/schema\/logo\/image\/\",\"url\":\"https:\/\/securiteservicesformations.com\/wp-content\/uploads\/2023\/11\/cropped-logo-fafa.jpg\",\"contentUrl\":\"https:\/\/securiteservicesformations.com\/wp-content\/uploads\/2023\/11\/cropped-logo-fafa.jpg\",\"width\":500,\"height\":367,\"caption\":\"S\u00e9curit\u00e9 services formations\"},\"image\":{\"@id\":\"https:\/\/securiteservicesformations.com\/#\/schema\/logo\/image\/\"}}]}<\/script>\n<!-- \/ Yoast SEO plugin. -->","yoast_head_json":{"title":"Autorisations de conduite - S\u00e9curit\u00e9 services formations","robots":{"index":"index","follow":"follow","max-snippet":"max-snippet:-1","max-image-preview":"max-image-preview:large","max-video-preview":"max-video-preview:-1"},"canonical":"https:\/\/securiteservicesformations.com\/index.php\/autorisations-de-conduite\/","og_locale":"fr_FR","og_type":"article","og_title":"Autorisations de conduite - S\u00e9curit\u00e9 services formations","og_description":"Descriptions des formations : L&#8217;employeur s&rsquo;assure pour chaque personne concern\u00e9e par la conduite d&rsquo;un \u00e9quipement de travail mobile : En vue de lui d\u00e9livrer une autorisation de conduite (obligatoire...","og_url":"https:\/\/securiteservicesformations.com\/index.php\/autorisations-de-conduite\/","og_site_name":"S\u00e9curit\u00e9 services formations","article_modified_time":"2024-01-02T14:36:10+00:00","og_image":[{"width":1920,"height":1000,"url":"https:\/\/securiteservicesformations.com\/wp-content\/uploads\/2023\/11\/Sans-titre-1-S.png","type":"image\/png"}],"twitter_card":"summary_large_image","twitter_misc":{"Dur\u00e9e de lecture estim\u00e9e":"2 minutes"},"schema":{"@context":"https:\/\/schema.org","@graph":[{"@type":"WebPage","@id":"https:\/\/securiteservicesformations.com\/index.php\/autorisations-de-conduite\/","url":"https:\/\/securiteservicesformations.com\/index.php\/autorisations-de-conduite\/","name":"Autorisations de conduite - S\u00e9curit\u00e9 services formations","isPartOf":{"@id":"https:\/\/securiteservicesformations.com\/#website"},"primaryImageOfPage":{"@id":"https:\/\/securiteservicesformations.com\/index.php\/autorisations-de-conduite\/#primaryimage"},"image":{"@id":"https:\/\/securiteservicesformations.com\/index.php\/autorisations-de-conduite\/#primaryimage"},"thumbnailUrl":"https:\/\/securiteservicesformations.com\/wp-content\/uploads\/2023\/11\/Sans-titre-1-S.png","datePublished":"2023-11-18T17:02:30+00:00","dateModified":"2024-01-02T14:36:10+00:00","breadcrumb":{"@id":"https:\/\/securiteservicesformations.com\/index.php\/autorisations-de-conduite\/#breadcrumb"},"inLanguage":"fr-FR","potentialAction":[{"@type":"ReadAction","target":["https:\/\/securiteservicesformations.com\/index.php\/autorisations-de-conduite\/"]}]},{"@type":"ImageObject","inLanguage":"fr-FR","@id":"https:\/\/securiteservicesformations.com\/index.php\/autorisations-de-conduite\/#primaryimage","url":"https:\/\/securiteservicesformations.com\/wp-content\/uploads\/2023\/11\/Sans-titre-1-S.png","contentUrl":"https:\/\/securiteservicesformations.com\/wp-content\/uploads\/2023\/11\/Sans-titre-1-S.png","width":1920,"height":1000},{"@type":"BreadcrumbList","@id":"https:\/\/securiteservicesformations.com\/index.php\/autorisations-de-conduite\/#breadcrumb","itemListElement":[{"@type":"ListItem","position":1,"name":"Accueil","item":"https:\/\/securiteservicesformations.com\/"},{"@type":"ListItem","position":2,"name":"Autorisations de conduite"}]},{"@type":"WebSite","@id":"https:\/\/securiteservicesformations.com\/#website","url":"https:\/\/securiteservicesformations.com\/","name":"S\u00e9curit\u00e9 services formations","description":"Entreprise proposant des formations.","publisher":{"@id":"https:\/\/securiteservicesformations.com\/#organization"},"potentialAction":[{"@type":"SearchAction","target":{"@type":"EntryPoint","urlTemplate":"https:\/\/securiteservicesformations.com\/?s={search_term_string}"},"query-input":{"@type":"PropertyValueSpecification","valueRequired":true,"valueName":"search_term_string"}}],"inLanguage":"fr-FR"},{"@type":"Organization","@id":"https:\/\/securiteservicesformations.com\/#organization","name":"S\u00e9curit\u00e9 services formations","url":"https:\/\/securiteservicesformations.com\/","logo":{"@type":"ImageObject","inLanguage":"fr-FR","@id":"https:\/\/securiteservicesformations.com\/#\/schema\/logo\/image\/","url":"https:\/\/securiteservicesformations.com\/wp-content\/uploads\/2023\/11\/cropped-logo-fafa.jpg","contentUrl":"https:\/\/securiteservicesformations.com\/wp-content\/uploads\/2023\/11\/cropped-logo-fafa.jpg","width":500,"height":367,"caption":"S\u00e9curit\u00e9 services formations"},"image":{"@id":"https:\/\/securiteservicesformations.com\/#\/schema\/logo\/image\/"}}]}},"_links":{"self":[{"href":"https:\/\/securiteservicesformations.com\/index.php\/wp-json\/wp\/v2\/pages\/95","targetHints":{"allow":["GET"]}}],"collection":[{"href":"https:\/\/securiteservicesformations.com\/index.php\/wp-json\/wp\/v2\/pages"}],"about":[{"href":"https:\/\/securiteservicesformations.com\/index.php\/wp-json\/wp\/v2\/types\/page"}],"author":[{"embeddable":true,"href":"https:\/\/securiteservicesformations.com\/index.php\/wp-json\/wp\/v2\/users\/1"}],"replies":[{"embeddable":true,"href":"https:\/\/securiteservicesformations.com\/index.php\/wp-json\/wp\/v2\/comments?post=95"}],"version-history":[{"count":4,"href":"https:\/\/securiteservicesformations.com\/index.php\/wp-json\/wp\/v2\/pages\/95\/revisions"}],"predecessor-version":[{"id":234,"href":"https:\/\/securiteservicesformations.com\/index.php\/wp-json\/wp\/v2\/pages\/95\/revisions\/234"}],"wp:featuredmedia":[{"embeddable":true,"href":"https:\/\/securiteservicesformations.com\/index.php\/wp-json\/wp\/v2\/media\/131"}],"wp:attachment":[{"href":"https:\/\/securiteservicesformations.com\/index.php\/wp-json\/wp\/v2\/media?parent=95"}],"curies":[{"name":"wp","href":"https:\/\/api.w.org\/{rel}","templated":true}]}}