{"id":71,"date":"2023-11-17T10:31:18","date_gmt":"2023-11-17T09:31:18","guid":{"rendered":"https:\/\/sercuriteservicesformations.fr\/?page_id=71"},"modified":"2024-01-02T15:36:10","modified_gmt":"2024-01-02T14:36:10","slug":"formation-b0-h0","status":"publish","type":"page","link":"https:\/\/securiteservicesformations.com\/index.php\/formation-b0-h0\/","title":{"rendered":"Formation B0\/H0"},"content":{"rendered":"\n<figure class=\"wp-block-image size-large\"><img loading=\"lazy\" decoding=\"async\" width=\"1024\" height=\"269\" src=\"https:\/\/sercuriteservicesformations.fr\/wp-content\/uploads\/2023\/11\/h0-b0-1024x269.png\" alt=\"\" class=\"wp-image-72\" srcset=\"https:\/\/securiteservicesformations.com\/wp-content\/uploads\/2023\/11\/h0-b0-1024x269.png 1024w, https:\/\/securiteservicesformations.com\/wp-content\/uploads\/2023\/11\/h0-b0-300x79.png 300w, https:\/\/securiteservicesformations.com\/wp-content\/uploads\/2023\/11\/h0-b0-768x202.png 768w, https:\/\/securiteservicesformations.com\/wp-content\/uploads\/2023\/11\/h0-b0.png 1184w\" sizes=\"auto, (max-width: 1024px) 100vw, 1024px\" \/><\/figure>\n\n\n\n<hr class=\"wp-block-separator has-alpha-channel-opacity\"\/>\n\n\n\n<h2 class=\"wp-block-heading\">Description de la formation :<\/h2>\n\n\n\n<p>Former le personnel non \u00e9lectricien, travaillant \u00e0 proximit\u00e9 des installations \u00e9lectriques, \u00e0 une connaissance de la r\u00e9glementation \u00e9lectrique et des risques pr\u00e9sent\u00e9s par les installations conform\u00e9ment \u00e0 l\u2019arr\u00eat\u00e9 du 14 novembre 1988 et \u00e0 la publication UTE 18.510<br><br>L\u2019employeur doit s\u2019assurer que ses travailleurs poss\u00e8dent une&nbsp;formation suffisante&nbsp;leur permettant de conna\u00eetre et de mettre en application les&nbsp;prescriptions de s\u00e9curit\u00e9 \u00e0 respecter pour \u00e9viter des dangers dus \u00e0 l\u2019\u00e9lectricit\u00e9&nbsp;dans l\u2019ex\u00e9cution des t\u00e2ches qui leur sont confi\u00e9es.<\/p>\n\n\n\n<hr class=\"wp-block-separator has-alpha-channel-opacity\"\/>\n\n\n\n<h2 class=\"wp-block-heading\">Informations pratiques<\/h2>\n\n\n\n<p><strong>Dur\u00e9e de la formation :<\/strong><br>1 jour (7h en pr\u00e9sentiel) pour les ex\u00e9cutants non \u00e9lectricien<br>1 jour et demi (10h30 en pr\u00e9sentiel) pour les charg\u00e9s de chantiers<\/p>\n\n\n\n<p><strong>Public concern\u00e9 :<\/strong><br>Peintre, ma\u00e7on, personnel d\u2019entretien, \u00e9lagueur, travaux du BTP, etc&#8230; <br>Toute personne intervenant \u00e0 proximit\u00e9 ou dans l\u2019environnement d\u2019installations \u00e9lectriques.<br>(Aucuns pr\u00e9requis)<\/p>\n\n\n\n<p><strong>Effectif par session :<\/strong><br>12 participants <\/p>\n\n\n\n<p><strong>M\u00e9thodes p\u00e9dagogiques :<\/strong><br>Apprentissage th\u00e9orique et pratique<\/p>\n\n\n\n<p><strong>Maintien des comp\u00e9tences :<\/strong><br>36 mois (cf. INRS)<\/p>\n\n\n\n<p><strong>Validation des acquis :<\/strong><br>QCM et attestation de formation<\/p>\n\n\n\n<p><strong>Mat\u00e9riel p\u00e9dagogique :<\/strong><br>Ordinateur, vid\u00e9oprojecteur, pr\u00e9sentation PowerPoint, armoire \u00e9lectrique, livret de formation, mat\u00e9riel \u00e9lectrique.<\/p>\n\n\n\n<p><strong>R\u00e9f\u00e9rences r\u00e9glementaire et documentaires :<\/strong><br>Article R4544-9 du Code du Travail<br>NF C 18-510 &#8211; Habilitation \u00c9lectrique<\/p>\n\n\n\n<p><strong>Accessibilit\u00e9 :<\/strong><br>SSF s\u2019engage \u00e0 favoriser l\u2019acc\u00e8s \u00e0 la formation pour toutes et pour tous. Pour toute question, vous pouvez solliciter notre r\u00e9f\u00e9rent handicap.<\/p>\n\n\n\n<p><strong>Lieu de formation :<\/strong><br>Formation Intra-Entreprise, la formation est r\u00e9alis\u00e9e dans vos locaux selon vos disponibilit\u00e9s.<\/p>\n\n\n\n<p><strong>Informations tarifaire :<\/strong><br>Pour obtenir un tarif veuillez nous contacter via les moyens de contact ci-dessous.<br><br>T\u00e9l\u00e9phone : 06.19.28.18.56<br>Mail : securiteservicesformations@gmail.com<\/p>\n\n\n\n<p><strong>Plaquette de formation :<\/strong><\/p>\n\n\n\n<div data-wp-interactive=\"core\/file\" class=\"wp-block-file\"><object data-wp-bind--hidden=\"!state.hasPdfPreview\" hidden class=\"wp-block-file__embed\" data=\"https:\/\/securiteservicesformations.com\/wp-content\/uploads\/2024\/01\/Habelec_B0_H0_H0V_ExecutantOuChargeChantier-1.pdf\" type=\"application\/pdf\" style=\"width:100%;height:600px\" aria-label=\"Contenu embarqu\u00e9 Habelec_B0_H0_H0V_ExecutantOuChargeChantier-1.\"><\/object><a id=\"wp-block-file--media-a205f1d9-d0d1-4c01-a26f-a5cad3c0de12\" href=\"https:\/\/securiteservicesformations.com\/wp-content\/uploads\/2024\/01\/Habelec_B0_H0_H0V_ExecutantOuChargeChantier-1.pdf\">Habelec_B0_H0_H0V_ExecutantOuChargeChantier-1<\/a><a href=\"https:\/\/securiteservicesformations.com\/wp-content\/uploads\/2024\/01\/Habelec_B0_H0_H0V_ExecutantOuChargeChantier-1.pdf\" class=\"wp-block-file__button wp-element-button\" download aria-describedby=\"wp-block-file--media-a205f1d9-d0d1-4c01-a26f-a5cad3c0de12\">T\u00e9l\u00e9charger<\/a><\/div>\n","protected":false},"excerpt":{"rendered":"<p>Description de la formation : Former le personnel non \u00e9lectricien, travaillant \u00e0 proximit\u00e9 des installations \u00e9lectriques, \u00e0 une connaissance de la r\u00e9glementation \u00e9lectrique et des risques pr\u00e9sent\u00e9s par les&#8230;<\/p>\n","protected":false},"author":1,"featured_media":0,"parent":0,"menu_order":0,"comment_status":"closed","ping_status":"closed","template":"","meta":{"footnotes":""},"class_list":["post-71","page","type-page","status-publish","hentry"],"yoast_head":"<!-- This site is optimized with the Yoast SEO plugin v24.5 - https:\/\/yoast.com\/wordpress\/plugins\/seo\/ -->\n<title>Formation B0\/H0 - S\u00e9curit\u00e9 services formations<\/title>\n<meta name=\"robots\" content=\"index, follow, max-snippet:-1, max-image-preview:large, max-video-preview:-1\" \/>\n<link rel=\"canonical\" href=\"https:\/\/securiteservicesformations.com\/index.php\/formation-b0-h0\/\" \/>\n<meta property=\"og:locale\" content=\"fr_FR\" \/>\n<meta property=\"og:type\" content=\"article\" \/>\n<meta property=\"og:title\" content=\"Formation B0\/H0 - S\u00e9curit\u00e9 services formations\" \/>\n<meta property=\"og:description\" content=\"Description de la formation : Former le personnel non \u00e9lectricien, travaillant \u00e0 proximit\u00e9 des installations \u00e9lectriques, \u00e0 une connaissance de la r\u00e9glementation \u00e9lectrique et des risques pr\u00e9sent\u00e9s par les...\" \/>\n<meta property=\"og:url\" content=\"https:\/\/securiteservicesformations.com\/index.php\/formation-b0-h0\/\" \/>\n<meta property=\"og:site_name\" content=\"S\u00e9curit\u00e9 services formations\" \/>\n<meta property=\"article:modified_time\" content=\"2024-01-02T14:36:10+00:00\" \/>\n<meta property=\"og:image\" content=\"https:\/\/sercuriteservicesformations.fr\/wp-content\/uploads\/2023\/11\/h0-b0-1024x269.png\" \/>\n<meta name=\"twitter:card\" content=\"summary_large_image\" \/>\n<meta name=\"twitter:label1\" content=\"Dur\u00e9e de lecture estim\u00e9e\" \/>\n\t<meta name=\"twitter:data1\" content=\"1 minute\" \/>\n<script type=\"application\/ld+json\" class=\"yoast-schema-graph\">{\"@context\":\"https:\/\/schema.org\",\"@graph\":[{\"@type\":\"WebPage\",\"@id\":\"https:\/\/securiteservicesformations.com\/index.php\/formation-b0-h0\/\",\"url\":\"https:\/\/securiteservicesformations.com\/index.php\/formation-b0-h0\/\",\"name\":\"Formation B0\/H0 - S\u00e9curit\u00e9 services formations\",\"isPartOf\":{\"@id\":\"https:\/\/securiteservicesformations.com\/#website\"},\"primaryImageOfPage\":{\"@id\":\"https:\/\/securiteservicesformations.com\/index.php\/formation-b0-h0\/#primaryimage\"},\"image\":{\"@id\":\"https:\/\/securiteservicesformations.com\/index.php\/formation-b0-h0\/#primaryimage\"},\"thumbnailUrl\":\"https:\/\/sercuriteservicesformations.fr\/wp-content\/uploads\/2023\/11\/h0-b0-1024x269.png\",\"datePublished\":\"2023-11-17T09:31:18+00:00\",\"dateModified\":\"2024-01-02T14:36:10+00:00\",\"breadcrumb\":{\"@id\":\"https:\/\/securiteservicesformations.com\/index.php\/formation-b0-h0\/#breadcrumb\"},\"inLanguage\":\"fr-FR\",\"potentialAction\":[{\"@type\":\"ReadAction\",\"target\":[\"https:\/\/securiteservicesformations.com\/index.php\/formation-b0-h0\/\"]}]},{\"@type\":\"ImageObject\",\"inLanguage\":\"fr-FR\",\"@id\":\"https:\/\/securiteservicesformations.com\/index.php\/formation-b0-h0\/#primaryimage\",\"url\":\"https:\/\/sercuriteservicesformations.fr\/wp-content\/uploads\/2023\/11\/h0-b0-1024x269.png\",\"contentUrl\":\"https:\/\/sercuriteservicesformations.fr\/wp-content\/uploads\/2023\/11\/h0-b0-1024x269.png\"},{\"@type\":\"BreadcrumbList\",\"@id\":\"https:\/\/securiteservicesformations.com\/index.php\/formation-b0-h0\/#breadcrumb\",\"itemListElement\":[{\"@type\":\"ListItem\",\"position\":1,\"name\":\"Accueil\",\"item\":\"https:\/\/securiteservicesformations.com\/\"},{\"@type\":\"ListItem\",\"position\":2,\"name\":\"Formation B0\/H0\"}]},{\"@type\":\"WebSite\",\"@id\":\"https:\/\/securiteservicesformations.com\/#website\",\"url\":\"https:\/\/securiteservicesformations.com\/\",\"name\":\"S\u00e9curit\u00e9 services formations\",\"description\":\"Entreprise proposant des formations.\",\"publisher\":{\"@id\":\"https:\/\/securiteservicesformations.com\/#organization\"},\"potentialAction\":[{\"@type\":\"SearchAction\",\"target\":{\"@type\":\"EntryPoint\",\"urlTemplate\":\"https:\/\/securiteservicesformations.com\/?s={search_term_string}\"},\"query-input\":{\"@type\":\"PropertyValueSpecification\",\"valueRequired\":true,\"valueName\":\"search_term_string\"}}],\"inLanguage\":\"fr-FR\"},{\"@type\":\"Organization\",\"@id\":\"https:\/\/securiteservicesformations.com\/#organization\",\"name\":\"S\u00e9curit\u00e9 services formations\",\"url\":\"https:\/\/securiteservicesformations.com\/\",\"logo\":{\"@type\":\"ImageObject\",\"inLanguage\":\"fr-FR\",\"@id\":\"https:\/\/securiteservicesformations.com\/#\/schema\/logo\/image\/\",\"url\":\"https:\/\/securiteservicesformations.com\/wp-content\/uploads\/2023\/11\/cropped-logo-fafa.jpg\",\"contentUrl\":\"https:\/\/securiteservicesformations.com\/wp-content\/uploads\/2023\/11\/cropped-logo-fafa.jpg\",\"width\":500,\"height\":367,\"caption\":\"S\u00e9curit\u00e9 services formations\"},\"image\":{\"@id\":\"https:\/\/securiteservicesformations.com\/#\/schema\/logo\/image\/\"}}]}<\/script>\n<!-- \/ Yoast SEO plugin. -->","yoast_head_json":{"title":"Formation B0\/H0 - S\u00e9curit\u00e9 services formations","robots":{"index":"index","follow":"follow","max-snippet":"max-snippet:-1","max-image-preview":"max-image-preview:large","max-video-preview":"max-video-preview:-1"},"canonical":"https:\/\/securiteservicesformations.com\/index.php\/formation-b0-h0\/","og_locale":"fr_FR","og_type":"article","og_title":"Formation B0\/H0 - S\u00e9curit\u00e9 services formations","og_description":"Description de la formation : Former le personnel non \u00e9lectricien, travaillant \u00e0 proximit\u00e9 des installations \u00e9lectriques, \u00e0 une connaissance de la r\u00e9glementation \u00e9lectrique et des risques pr\u00e9sent\u00e9s par les...","og_url":"https:\/\/securiteservicesformations.com\/index.php\/formation-b0-h0\/","og_site_name":"S\u00e9curit\u00e9 services formations","article_modified_time":"2024-01-02T14:36:10+00:00","og_image":[{"url":"https:\/\/sercuriteservicesformations.fr\/wp-content\/uploads\/2023\/11\/h0-b0-1024x269.png","type":"","width":"","height":""}],"twitter_card":"summary_large_image","twitter_misc":{"Dur\u00e9e de lecture estim\u00e9e":"1 minute"},"schema":{"@context":"https:\/\/schema.org","@graph":[{"@type":"WebPage","@id":"https:\/\/securiteservicesformations.com\/index.php\/formation-b0-h0\/","url":"https:\/\/securiteservicesformations.com\/index.php\/formation-b0-h0\/","name":"Formation B0\/H0 - S\u00e9curit\u00e9 services formations","isPartOf":{"@id":"https:\/\/securiteservicesformations.com\/#website"},"primaryImageOfPage":{"@id":"https:\/\/securiteservicesformations.com\/index.php\/formation-b0-h0\/#primaryimage"},"image":{"@id":"https:\/\/securiteservicesformations.com\/index.php\/formation-b0-h0\/#primaryimage"},"thumbnailUrl":"https:\/\/sercuriteservicesformations.fr\/wp-content\/uploads\/2023\/11\/h0-b0-1024x269.png","datePublished":"2023-11-17T09:31:18+00:00","dateModified":"2024-01-02T14:36:10+00:00","breadcrumb":{"@id":"https:\/\/securiteservicesformations.com\/index.php\/formation-b0-h0\/#breadcrumb"},"inLanguage":"fr-FR","potentialAction":[{"@type":"ReadAction","target":["https:\/\/securiteservicesformations.com\/index.php\/formation-b0-h0\/"]}]},{"@type":"ImageObject","inLanguage":"fr-FR","@id":"https:\/\/securiteservicesformations.com\/index.php\/formation-b0-h0\/#primaryimage","url":"https:\/\/sercuriteservicesformations.fr\/wp-content\/uploads\/2023\/11\/h0-b0-1024x269.png","contentUrl":"https:\/\/sercuriteservicesformations.fr\/wp-content\/uploads\/2023\/11\/h0-b0-1024x269.png"},{"@type":"BreadcrumbList","@id":"https:\/\/securiteservicesformations.com\/index.php\/formation-b0-h0\/#breadcrumb","itemListElement":[{"@type":"ListItem","position":1,"name":"Accueil","item":"https:\/\/securiteservicesformations.com\/"},{"@type":"ListItem","position":2,"name":"Formation B0\/H0"}]},{"@type":"WebSite","@id":"https:\/\/securiteservicesformations.com\/#website","url":"https:\/\/securiteservicesformations.com\/","name":"S\u00e9curit\u00e9 services formations","description":"Entreprise proposant des formations.","publisher":{"@id":"https:\/\/securiteservicesformations.com\/#organization"},"potentialAction":[{"@type":"SearchAction","target":{"@type":"EntryPoint","urlTemplate":"https:\/\/securiteservicesformations.com\/?s={search_term_string}"},"query-input":{"@type":"PropertyValueSpecification","valueRequired":true,"valueName":"search_term_string"}}],"inLanguage":"fr-FR"},{"@type":"Organization","@id":"https:\/\/securiteservicesformations.com\/#organization","name":"S\u00e9curit\u00e9 services formations","url":"https:\/\/securiteservicesformations.com\/","logo":{"@type":"ImageObject","inLanguage":"fr-FR","@id":"https:\/\/securiteservicesformations.com\/#\/schema\/logo\/image\/","url":"https:\/\/securiteservicesformations.com\/wp-content\/uploads\/2023\/11\/cropped-logo-fafa.jpg","contentUrl":"https:\/\/securiteservicesformations.com\/wp-content\/uploads\/2023\/11\/cropped-logo-fafa.jpg","width":500,"height":367,"caption":"S\u00e9curit\u00e9 services formations"},"image":{"@id":"https:\/\/securiteservicesformations.com\/#\/schema\/logo\/image\/"}}]}},"_links":{"self":[{"href":"https:\/\/securiteservicesformations.com\/index.php\/wp-json\/wp\/v2\/pages\/71","targetHints":{"allow":["GET"]}}],"collection":[{"href":"https:\/\/securiteservicesformations.com\/index.php\/wp-json\/wp\/v2\/pages"}],"about":[{"href":"https:\/\/securiteservicesformations.com\/index.php\/wp-json\/wp\/v2\/types\/page"}],"author":[{"embeddable":true,"href":"https:\/\/securiteservicesformations.com\/index.php\/wp-json\/wp\/v2\/users\/1"}],"replies":[{"embeddable":true,"href":"https:\/\/securiteservicesformations.com\/index.php\/wp-json\/wp\/v2\/comments?post=71"}],"version-history":[{"count":3,"href":"https:\/\/securiteservicesformations.com\/index.php\/wp-json\/wp\/v2\/pages\/71\/revisions"}],"predecessor-version":[{"id":229,"href":"https:\/\/securiteservicesformations.com\/index.php\/wp-json\/wp\/v2\/pages\/71\/revisions\/229"}],"wp:attachment":[{"href":"https:\/\/securiteservicesformations.com\/index.php\/wp-json\/wp\/v2\/media?parent=71"}],"curies":[{"name":"wp","href":"https:\/\/api.w.org\/{rel}","templated":true}]}}