{"id":65,"date":"2023-11-12T15:33:51","date_gmt":"2023-11-12T14:33:51","guid":{"rendered":"https:\/\/sercuriteservicesformations.fr\/?page_id=65"},"modified":"2024-01-02T15:36:10","modified_gmt":"2024-01-02T14:36:10","slug":"formation-mac-sst","status":"publish","type":"page","link":"https:\/\/securiteservicesformations.com\/index.php\/formation-mac-sst\/","title":{"rendered":"Formation M.A.C -S.S.T"},"content":{"rendered":"\n<figure class=\"wp-block-image size-large\"><img loading=\"lazy\" decoding=\"async\" width=\"1024\" height=\"576\" src=\"https:\/\/sercuriteservicesformations.fr\/wp-content\/uploads\/2023\/11\/MACSST-1024x576.webp\" alt=\"\" class=\"wp-image-66\" srcset=\"https:\/\/securiteservicesformations.com\/wp-content\/uploads\/2023\/11\/MACSST-1024x576.webp 1024w, https:\/\/securiteservicesformations.com\/wp-content\/uploads\/2023\/11\/MACSST-300x169.webp 300w, https:\/\/securiteservicesformations.com\/wp-content\/uploads\/2023\/11\/MACSST-768x432.webp 768w, https:\/\/securiteservicesformations.com\/wp-content\/uploads\/2023\/11\/MACSST-1536x864.webp 1536w, https:\/\/securiteservicesformations.com\/wp-content\/uploads\/2023\/11\/MACSST.webp 1920w\" sizes=\"auto, (max-width: 1024px) 100vw, 1024px\" \/><\/figure>\n\n\n\n<hr class=\"wp-block-separator has-alpha-channel-opacity\"\/>\n\n\n\n<h2 class=\"wp-block-heading\">Description de la formation :<\/h2>\n\n\n\n<p>La formation de Sauveteur Secouriste du Travail (S.S.T) est un programme essentiel ax\u00e9 sur l\u2019apprentissage des premiers secours en milieu professionnel.<br><br>Cette formation vise \u00e0 maintenir les comp\u00e9tences d\u00e9finies dans le r\u00e9f\u00e9rentiel de formation \u00e0 niveau au moins \u00e9quivalent, voire sup\u00e9rieur \u00e0 celui de sa formation initiale.<\/p>\n\n\n\n<hr class=\"wp-block-separator has-alpha-channel-opacity\"\/>\n\n\n\n<h2 class=\"wp-block-heading\">Informations pratiques<\/h2>\n\n\n\n<p><strong>Dur\u00e9e de la formation :<\/strong><br>1 jour (7h en pr\u00e9sentiel)<\/p>\n\n\n\n<p><strong>Public concern\u00e9 :<\/strong><br>Toute personne titulaire d&rsquo;un certificat S.S.T<\/p>\n\n\n\n<p><strong>Effectif par session :<\/strong><br>4 \u00e0 10 participants (4 \u00e9tant le minimum et 10 le maximum)<\/p>\n\n\n\n<p><strong>M\u00e9thodes p\u00e9dagogiques :<\/strong><br>\u00c9valuation continue th\u00e9orique et pratique<\/p>\n\n\n\n<p><strong>Maintien des comp\u00e9tences :<\/strong><br>24 mois.<\/p>\n\n\n\n<p><strong>Validation des acquis :<\/strong><br>Certificat Sauveteur Secouriste du Travail (Certification finale selon la grille de certification des comp\u00e9tences SST de l\u2019INRS)<\/p>\n\n\n\n<p><strong>Mat\u00e9riel p\u00e9dagogique :<\/strong><br>Ordinateur, vid\u00e9oprojecteur, pr\u00e9sentation Powerpoint, mannequins, masques et sacs pulmonaires, d\u00e9fibrillateur, divers mat\u00e9riels pour la r\u00e9alisation des situations, vid\u00e9os, plan d\u2019intervention, aide m\u00e9moire SST (ED 4085 \u2013 INRS).<\/p>\n\n\n\n<p><strong>R\u00e9f\u00e9rences r\u00e9glementaire et documentaires :<\/strong><br>Article R4224-15 &amp; R4224-16 Code du travail<br>Article 223-6 du Code p\u00e9nal<br>Guide des donn\u00e9es techniques et conduites \u00e0 tenir \u2013 INRS<br>Document de r\u00e9f\u00e9rence SST- INRS<br>SSF est habilit\u00e9 par l\u2019INRS sous le N\u00b01485284\/2020\/SST-01\/O\/06<\/p>\n\n\n\n<p><strong>Accessibilit\u00e9 :<\/strong><br>SSF s\u2019engage \u00e0 favoriser l\u2019acc\u00e8s \u00e0 la formation pour toutes et pour tous. Pour toute question, vous pouvez solliciter notre r\u00e9f\u00e9rent handicap.<\/p>\n\n\n\n<p><strong>Lieu de formation :<\/strong><br>Formation Intra-Entreprise, la formation est r\u00e9alis\u00e9e dans vos locaux selon vos disponibilit\u00e9s.<\/p>\n\n\n\n<p><strong>Informations tarifaire :<\/strong><br>Pour obtenir un tarif veuillez nous contacter via les moyens de contact ci-dessous.<br><br>T\u00e9l\u00e9phone : 06.19.28.18.56<br>Mail : securiteservicesformations@gmail.com<\/p>\n\n\n\n<p><strong>Plaquette de formation :<\/strong><\/p>\n\n\n\n<div data-wp-interactive=\"core\/file\" class=\"wp-block-file\"><object data-wp-bind--hidden=\"!state.hasPdfPreview\" hidden class=\"wp-block-file__embed\" data=\"https:\/\/securiteservicesformations.com\/wp-content\/uploads\/2024\/01\/Programe-MAC-SST-2023-2.pdf\" type=\"application\/pdf\" style=\"width:100%;height:600px\" aria-label=\"Contenu embarqu\u00e9 Programe-MAC-SST-2023-2.\"><\/object><a id=\"wp-block-file--media-538bab7b-4682-41ba-a38b-99dd008f317d\" href=\"https:\/\/securiteservicesformations.com\/wp-content\/uploads\/2024\/01\/Programe-MAC-SST-2023-2.pdf\">Programe-MAC-SST-2023-2<\/a><a href=\"https:\/\/securiteservicesformations.com\/wp-content\/uploads\/2024\/01\/Programe-MAC-SST-2023-2.pdf\" class=\"wp-block-file__button wp-element-button\" download aria-describedby=\"wp-block-file--media-538bab7b-4682-41ba-a38b-99dd008f317d\">T\u00e9l\u00e9charger<\/a><\/div>\n","protected":false},"excerpt":{"rendered":"<p>Description de la formation : La formation de Sauveteur Secouriste du Travail (S.S.T) est un programme essentiel ax\u00e9 sur l\u2019apprentissage des premiers secours en milieu professionnel. Cette formation vise&#8230;<\/p>\n","protected":false},"author":1,"featured_media":0,"parent":0,"menu_order":0,"comment_status":"closed","ping_status":"closed","template":"","meta":{"footnotes":""},"class_list":["post-65","page","type-page","status-publish","hentry"],"yoast_head":"<!-- This site is optimized with the Yoast SEO plugin v24.5 - https:\/\/yoast.com\/wordpress\/plugins\/seo\/ -->\n<title>Formation M.A.C -S.S.T - S\u00e9curit\u00e9 services formations<\/title>\n<meta name=\"robots\" content=\"index, follow, max-snippet:-1, max-image-preview:large, max-video-preview:-1\" \/>\n<link rel=\"canonical\" href=\"https:\/\/securiteservicesformations.com\/index.php\/formation-mac-sst\/\" \/>\n<meta property=\"og:locale\" content=\"fr_FR\" \/>\n<meta property=\"og:type\" content=\"article\" \/>\n<meta property=\"og:title\" content=\"Formation M.A.C -S.S.T - S\u00e9curit\u00e9 services formations\" \/>\n<meta property=\"og:description\" content=\"Description de la formation : La formation de Sauveteur Secouriste du Travail (S.S.T) est un programme essentiel ax\u00e9 sur l\u2019apprentissage des premiers secours en milieu professionnel. Cette formation vise...\" \/>\n<meta property=\"og:url\" content=\"https:\/\/securiteservicesformations.com\/index.php\/formation-mac-sst\/\" \/>\n<meta property=\"og:site_name\" content=\"S\u00e9curit\u00e9 services formations\" \/>\n<meta property=\"article:modified_time\" content=\"2024-01-02T14:36:10+00:00\" \/>\n<meta property=\"og:image\" content=\"https:\/\/sercuriteservicesformations.fr\/wp-content\/uploads\/2023\/11\/MACSST-1024x576.webp\" \/>\n<meta name=\"twitter:card\" content=\"summary_large_image\" \/>\n<meta name=\"twitter:label1\" content=\"Dur\u00e9e de lecture estim\u00e9e\" \/>\n\t<meta name=\"twitter:data1\" content=\"1 minute\" \/>\n<script type=\"application\/ld+json\" class=\"yoast-schema-graph\">{\"@context\":\"https:\/\/schema.org\",\"@graph\":[{\"@type\":\"WebPage\",\"@id\":\"https:\/\/securiteservicesformations.com\/index.php\/formation-mac-sst\/\",\"url\":\"https:\/\/securiteservicesformations.com\/index.php\/formation-mac-sst\/\",\"name\":\"Formation M.A.C -S.S.T - S\u00e9curit\u00e9 services formations\",\"isPartOf\":{\"@id\":\"https:\/\/securiteservicesformations.com\/#website\"},\"primaryImageOfPage\":{\"@id\":\"https:\/\/securiteservicesformations.com\/index.php\/formation-mac-sst\/#primaryimage\"},\"image\":{\"@id\":\"https:\/\/securiteservicesformations.com\/index.php\/formation-mac-sst\/#primaryimage\"},\"thumbnailUrl\":\"https:\/\/sercuriteservicesformations.fr\/wp-content\/uploads\/2023\/11\/MACSST-1024x576.webp\",\"datePublished\":\"2023-11-12T14:33:51+00:00\",\"dateModified\":\"2024-01-02T14:36:10+00:00\",\"breadcrumb\":{\"@id\":\"https:\/\/securiteservicesformations.com\/index.php\/formation-mac-sst\/#breadcrumb\"},\"inLanguage\":\"fr-FR\",\"potentialAction\":[{\"@type\":\"ReadAction\",\"target\":[\"https:\/\/securiteservicesformations.com\/index.php\/formation-mac-sst\/\"]}]},{\"@type\":\"ImageObject\",\"inLanguage\":\"fr-FR\",\"@id\":\"https:\/\/securiteservicesformations.com\/index.php\/formation-mac-sst\/#primaryimage\",\"url\":\"https:\/\/sercuriteservicesformations.fr\/wp-content\/uploads\/2023\/11\/MACSST-1024x576.webp\",\"contentUrl\":\"https:\/\/sercuriteservicesformations.fr\/wp-content\/uploads\/2023\/11\/MACSST-1024x576.webp\"},{\"@type\":\"BreadcrumbList\",\"@id\":\"https:\/\/securiteservicesformations.com\/index.php\/formation-mac-sst\/#breadcrumb\",\"itemListElement\":[{\"@type\":\"ListItem\",\"position\":1,\"name\":\"Accueil\",\"item\":\"https:\/\/securiteservicesformations.com\/\"},{\"@type\":\"ListItem\",\"position\":2,\"name\":\"Formation M.A.C -S.S.T\"}]},{\"@type\":\"WebSite\",\"@id\":\"https:\/\/securiteservicesformations.com\/#website\",\"url\":\"https:\/\/securiteservicesformations.com\/\",\"name\":\"S\u00e9curit\u00e9 services formations\",\"description\":\"Entreprise proposant des formations.\",\"publisher\":{\"@id\":\"https:\/\/securiteservicesformations.com\/#organization\"},\"potentialAction\":[{\"@type\":\"SearchAction\",\"target\":{\"@type\":\"EntryPoint\",\"urlTemplate\":\"https:\/\/securiteservicesformations.com\/?s={search_term_string}\"},\"query-input\":{\"@type\":\"PropertyValueSpecification\",\"valueRequired\":true,\"valueName\":\"search_term_string\"}}],\"inLanguage\":\"fr-FR\"},{\"@type\":\"Organization\",\"@id\":\"https:\/\/securiteservicesformations.com\/#organization\",\"name\":\"S\u00e9curit\u00e9 services formations\",\"url\":\"https:\/\/securiteservicesformations.com\/\",\"logo\":{\"@type\":\"ImageObject\",\"inLanguage\":\"fr-FR\",\"@id\":\"https:\/\/securiteservicesformations.com\/#\/schema\/logo\/image\/\",\"url\":\"https:\/\/securiteservicesformations.com\/wp-content\/uploads\/2023\/11\/cropped-logo-fafa.jpg\",\"contentUrl\":\"https:\/\/securiteservicesformations.com\/wp-content\/uploads\/2023\/11\/cropped-logo-fafa.jpg\",\"width\":500,\"height\":367,\"caption\":\"S\u00e9curit\u00e9 services formations\"},\"image\":{\"@id\":\"https:\/\/securiteservicesformations.com\/#\/schema\/logo\/image\/\"}}]}<\/script>\n<!-- \/ Yoast SEO plugin. -->","yoast_head_json":{"title":"Formation M.A.C -S.S.T - S\u00e9curit\u00e9 services formations","robots":{"index":"index","follow":"follow","max-snippet":"max-snippet:-1","max-image-preview":"max-image-preview:large","max-video-preview":"max-video-preview:-1"},"canonical":"https:\/\/securiteservicesformations.com\/index.php\/formation-mac-sst\/","og_locale":"fr_FR","og_type":"article","og_title":"Formation M.A.C -S.S.T - S\u00e9curit\u00e9 services formations","og_description":"Description de la formation : La formation de Sauveteur Secouriste du Travail (S.S.T) est un programme essentiel ax\u00e9 sur l\u2019apprentissage des premiers secours en milieu professionnel. Cette formation vise...","og_url":"https:\/\/securiteservicesformations.com\/index.php\/formation-mac-sst\/","og_site_name":"S\u00e9curit\u00e9 services formations","article_modified_time":"2024-01-02T14:36:10+00:00","og_image":[{"url":"https:\/\/sercuriteservicesformations.fr\/wp-content\/uploads\/2023\/11\/MACSST-1024x576.webp","type":"","width":"","height":""}],"twitter_card":"summary_large_image","twitter_misc":{"Dur\u00e9e de lecture estim\u00e9e":"1 minute"},"schema":{"@context":"https:\/\/schema.org","@graph":[{"@type":"WebPage","@id":"https:\/\/securiteservicesformations.com\/index.php\/formation-mac-sst\/","url":"https:\/\/securiteservicesformations.com\/index.php\/formation-mac-sst\/","name":"Formation M.A.C -S.S.T - S\u00e9curit\u00e9 services formations","isPartOf":{"@id":"https:\/\/securiteservicesformations.com\/#website"},"primaryImageOfPage":{"@id":"https:\/\/securiteservicesformations.com\/index.php\/formation-mac-sst\/#primaryimage"},"image":{"@id":"https:\/\/securiteservicesformations.com\/index.php\/formation-mac-sst\/#primaryimage"},"thumbnailUrl":"https:\/\/sercuriteservicesformations.fr\/wp-content\/uploads\/2023\/11\/MACSST-1024x576.webp","datePublished":"2023-11-12T14:33:51+00:00","dateModified":"2024-01-02T14:36:10+00:00","breadcrumb":{"@id":"https:\/\/securiteservicesformations.com\/index.php\/formation-mac-sst\/#breadcrumb"},"inLanguage":"fr-FR","potentialAction":[{"@type":"ReadAction","target":["https:\/\/securiteservicesformations.com\/index.php\/formation-mac-sst\/"]}]},{"@type":"ImageObject","inLanguage":"fr-FR","@id":"https:\/\/securiteservicesformations.com\/index.php\/formation-mac-sst\/#primaryimage","url":"https:\/\/sercuriteservicesformations.fr\/wp-content\/uploads\/2023\/11\/MACSST-1024x576.webp","contentUrl":"https:\/\/sercuriteservicesformations.fr\/wp-content\/uploads\/2023\/11\/MACSST-1024x576.webp"},{"@type":"BreadcrumbList","@id":"https:\/\/securiteservicesformations.com\/index.php\/formation-mac-sst\/#breadcrumb","itemListElement":[{"@type":"ListItem","position":1,"name":"Accueil","item":"https:\/\/securiteservicesformations.com\/"},{"@type":"ListItem","position":2,"name":"Formation M.A.C -S.S.T"}]},{"@type":"WebSite","@id":"https:\/\/securiteservicesformations.com\/#website","url":"https:\/\/securiteservicesformations.com\/","name":"S\u00e9curit\u00e9 services formations","description":"Entreprise proposant des formations.","publisher":{"@id":"https:\/\/securiteservicesformations.com\/#organization"},"potentialAction":[{"@type":"SearchAction","target":{"@type":"EntryPoint","urlTemplate":"https:\/\/securiteservicesformations.com\/?s={search_term_string}"},"query-input":{"@type":"PropertyValueSpecification","valueRequired":true,"valueName":"search_term_string"}}],"inLanguage":"fr-FR"},{"@type":"Organization","@id":"https:\/\/securiteservicesformations.com\/#organization","name":"S\u00e9curit\u00e9 services formations","url":"https:\/\/securiteservicesformations.com\/","logo":{"@type":"ImageObject","inLanguage":"fr-FR","@id":"https:\/\/securiteservicesformations.com\/#\/schema\/logo\/image\/","url":"https:\/\/securiteservicesformations.com\/wp-content\/uploads\/2023\/11\/cropped-logo-fafa.jpg","contentUrl":"https:\/\/securiteservicesformations.com\/wp-content\/uploads\/2023\/11\/cropped-logo-fafa.jpg","width":500,"height":367,"caption":"S\u00e9curit\u00e9 services formations"},"image":{"@id":"https:\/\/securiteservicesformations.com\/#\/schema\/logo\/image\/"}}]}},"_links":{"self":[{"href":"https:\/\/securiteservicesformations.com\/index.php\/wp-json\/wp\/v2\/pages\/65","targetHints":{"allow":["GET"]}}],"collection":[{"href":"https:\/\/securiteservicesformations.com\/index.php\/wp-json\/wp\/v2\/pages"}],"about":[{"href":"https:\/\/securiteservicesformations.com\/index.php\/wp-json\/wp\/v2\/types\/page"}],"author":[{"embeddable":true,"href":"https:\/\/securiteservicesformations.com\/index.php\/wp-json\/wp\/v2\/users\/1"}],"replies":[{"embeddable":true,"href":"https:\/\/securiteservicesformations.com\/index.php\/wp-json\/wp\/v2\/comments?post=65"}],"version-history":[{"count":3,"href":"https:\/\/securiteservicesformations.com\/index.php\/wp-json\/wp\/v2\/pages\/65\/revisions"}],"predecessor-version":[{"id":228,"href":"https:\/\/securiteservicesformations.com\/index.php\/wp-json\/wp\/v2\/pages\/65\/revisions\/228"}],"wp:attachment":[{"href":"https:\/\/securiteservicesformations.com\/index.php\/wp-json\/wp\/v2\/media?parent=65"}],"curies":[{"name":"wp","href":"https:\/\/api.w.org\/{rel}","templated":true}]}}