{"id":60,"date":"2023-11-12T15:34:17","date_gmt":"2023-11-12T14:34:17","guid":{"rendered":"https:\/\/sercuriteservicesformations.fr\/?page_id=60"},"modified":"2024-01-02T15:36:10","modified_gmt":"2024-01-02T14:36:10","slug":"gestes-et-postures","status":"publish","type":"page","link":"https:\/\/securiteservicesformations.com\/index.php\/gestes-et-postures\/","title":{"rendered":"Gestes et postures"},"content":{"rendered":"\n<figure class=\"wp-block-image size-large\"><img loading=\"lazy\" decoding=\"async\" width=\"1024\" height=\"683\" src=\"https:\/\/sercuriteservicesformations.fr\/wp-content\/uploads\/2023\/11\/gestes-et-postures-1024x683.jpg\" alt=\"\" class=\"wp-image-61\" srcset=\"https:\/\/securiteservicesformations.com\/wp-content\/uploads\/2023\/11\/gestes-et-postures-1024x683.jpg 1024w, https:\/\/securiteservicesformations.com\/wp-content\/uploads\/2023\/11\/gestes-et-postures-300x200.jpg 300w, https:\/\/securiteservicesformations.com\/wp-content\/uploads\/2023\/11\/gestes-et-postures-768x512.jpg 768w, https:\/\/securiteservicesformations.com\/wp-content\/uploads\/2023\/11\/gestes-et-postures-1536x1024.jpg 1536w, https:\/\/securiteservicesformations.com\/wp-content\/uploads\/2023\/11\/gestes-et-postures-2048x1365.jpg 2048w\" sizes=\"auto, (max-width: 1024px) 100vw, 1024px\" \/><\/figure>\n\n\n\n<hr class=\"wp-block-separator has-alpha-channel-opacity\"\/>\n\n\n\n<h2 class=\"wp-block-heading\">Description de la formation :<\/h2>\n\n\n\n<p>Les maladies et les accidents lombalgiques sont au premier plan des nouvelles maladies professionnelles. Sensibiliser les personnes concern\u00e9es permettra une meilleure compr\u00e9hension du m\u00e9canisme invalident la lombalgie. <br><br>Ma\u00eetriser les bons gestes et postures au travail permet de pr\u00e9venir l\u2019apparition de troubles musculosquelettiques (TMS), pouvant potentiellement s\u2019aggraver de fa\u00e7on pathologique et durable.<br><br>De mauvais gestes et postures sont la cause des&nbsp;TMS<strong>&nbsp;<\/strong>(absent\u00e9isme, d\u00e9sorganisation, baisse de la performance, etc.). Pourtant, ceux-ci sont souvent sous-estim\u00e9s alors qu\u2019ils nuisent \u00e0 la productivit\u00e9 g\u00e9n\u00e9rale de l\u2019entreprise. <br><br>Cette formation des bonnes postures au travail vous permettra d&rsquo;exercer votre activit\u00e9 en toute s\u00e9curit\u00e9 et de pr\u00e9server au mieux votre sant\u00e9 sur le long-terme.<br>De la manutention au t\u00e9l\u00e9travail, tous les collaborateurs sont expos\u00e9s au risque.<\/p>\n\n\n\n<hr class=\"wp-block-separator has-alpha-channel-opacity\"\/>\n\n\n\n<h2 class=\"wp-block-heading\">Informations pratiques<\/h2>\n\n\n\n<p><strong>Dur\u00e9e de la formation :<\/strong><br>1\/2 jour (3h30 en pr\u00e9sentiel)<\/p>\n\n\n\n<p><strong>Public concern\u00e9 :<\/strong><br>Toute personne effectuant des op\u00e9rations de manutention manuelles. (Aucun pr\u00e9requis)<\/p>\n\n\n\n<p><strong>Effectif par session :<\/strong><br>8 participants par groupe maximum.<\/p>\n\n\n\n<p><strong>M\u00e9thodes p\u00e9dagogiques :<\/strong><br>Apprentissage th\u00e9orique et pratique.<\/p>\n\n\n\n<p><strong>Maintien des comp\u00e9tences :<\/strong><br>Aussi souvent que n\u00e9cessaire.<\/p>\n\n\n\n<p><strong>Validation des acquis :<\/strong><br>Attestation de formation.<\/p>\n\n\n\n<p><strong>Mat\u00e9riel p\u00e9dagogique :<\/strong><br>Ordinateur, vid\u00e9oprojecteur, pr\u00e9sentation Power Point,<br>livret de formation et Gilet BUZZER<\/p>\n\n\n\n<p><strong>R\u00e9f\u00e9rences r\u00e9glementaires :<\/strong><br>Article R4541-8 du Code du Travail.<\/p>\n\n\n\n<p><strong>Accessibilit\u00e9 :<\/strong><br>SSF s\u2019engage \u00e0 favoriser l\u2019acc\u00e8s \u00e0 la formation pour toutes et pour tous. Pour toute question, vous pouvez solliciter notre r\u00e9f\u00e9rent handicap.<\/p>\n\n\n\n<p><strong>Lieu de formation :<\/strong><br>Formation Intra-Entreprise, la formation est r\u00e9alis\u00e9e dans vos locaux selon vos disponibilit\u00e9s.<\/p>\n\n\n\n<p><strong>Informations tarifaire :<\/strong><br>Pour obtenir un tarif veuillez nous contacter via les moyens de contact ci-dessous.<br><br>T\u00e9l\u00e9phone : 06.19.28.18.56<br>Mail : securiteservicesformations@gmail.com<\/p>\n\n\n\n<p><strong>Plaquette de formation :<\/strong><\/p>\n\n\n\n<div data-wp-interactive=\"core\/file\" class=\"wp-block-file\"><object data-wp-bind--hidden=\"!state.hasPdfPreview\" hidden class=\"wp-block-file__embed\" data=\"https:\/\/securiteservicesformations.com\/wp-content\/uploads\/2024\/01\/Programe-GestesPosture-1.pdf\" type=\"application\/pdf\" style=\"width:100%;height:600px\" aria-label=\"Contenu embarqu\u00e9 Programe-GestesPosture-1.\"><\/object><a id=\"wp-block-file--media-7aa7902c-cbe3-4e6f-ab3c-a4ae3df76da1\" href=\"https:\/\/securiteservicesformations.com\/wp-content\/uploads\/2024\/01\/Programe-GestesPosture-1.pdf\">Programe-GestesPosture-1<\/a><a href=\"https:\/\/securiteservicesformations.com\/wp-content\/uploads\/2024\/01\/Programe-GestesPosture-1.pdf\" class=\"wp-block-file__button wp-element-button\" download aria-describedby=\"wp-block-file--media-7aa7902c-cbe3-4e6f-ab3c-a4ae3df76da1\">T\u00e9l\u00e9charger<\/a><\/div>\n","protected":false},"excerpt":{"rendered":"<p>Description de la formation : Les maladies et les accidents lombalgiques sont au premier plan des nouvelles maladies professionnelles. Sensibiliser les personnes concern\u00e9es permettra une meilleure compr\u00e9hension du m\u00e9canisme&#8230;<\/p>\n","protected":false},"author":1,"featured_media":0,"parent":0,"menu_order":0,"comment_status":"closed","ping_status":"closed","template":"","meta":{"footnotes":""},"class_list":["post-60","page","type-page","status-publish","hentry"],"yoast_head":"<!-- This site is optimized with the Yoast SEO plugin v24.5 - https:\/\/yoast.com\/wordpress\/plugins\/seo\/ -->\n<title>Gestes et postures - S\u00e9curit\u00e9 services formations<\/title>\n<meta name=\"robots\" content=\"index, follow, max-snippet:-1, max-image-preview:large, max-video-preview:-1\" \/>\n<link rel=\"canonical\" href=\"https:\/\/securiteservicesformations.com\/index.php\/gestes-et-postures\/\" \/>\n<meta property=\"og:locale\" content=\"fr_FR\" \/>\n<meta property=\"og:type\" content=\"article\" \/>\n<meta property=\"og:title\" content=\"Gestes et postures - S\u00e9curit\u00e9 services formations\" \/>\n<meta property=\"og:description\" content=\"Description de la formation : Les maladies et les accidents lombalgiques sont au premier plan des nouvelles maladies professionnelles. Sensibiliser les personnes concern\u00e9es permettra une meilleure compr\u00e9hension du m\u00e9canisme...\" \/>\n<meta property=\"og:url\" content=\"https:\/\/securiteservicesformations.com\/index.php\/gestes-et-postures\/\" \/>\n<meta property=\"og:site_name\" content=\"S\u00e9curit\u00e9 services formations\" \/>\n<meta property=\"article:modified_time\" content=\"2024-01-02T14:36:10+00:00\" \/>\n<meta property=\"og:image\" content=\"https:\/\/sercuriteservicesformations.fr\/wp-content\/uploads\/2023\/11\/gestes-et-postures-1024x683.jpg\" \/>\n<meta name=\"twitter:card\" content=\"summary_large_image\" \/>\n<meta name=\"twitter:label1\" content=\"Dur\u00e9e de lecture estim\u00e9e\" \/>\n\t<meta name=\"twitter:data1\" content=\"2 minutes\" \/>\n<script type=\"application\/ld+json\" class=\"yoast-schema-graph\">{\"@context\":\"https:\/\/schema.org\",\"@graph\":[{\"@type\":\"WebPage\",\"@id\":\"https:\/\/securiteservicesformations.com\/index.php\/gestes-et-postures\/\",\"url\":\"https:\/\/securiteservicesformations.com\/index.php\/gestes-et-postures\/\",\"name\":\"Gestes et postures - S\u00e9curit\u00e9 services formations\",\"isPartOf\":{\"@id\":\"https:\/\/securiteservicesformations.com\/#website\"},\"primaryImageOfPage\":{\"@id\":\"https:\/\/securiteservicesformations.com\/index.php\/gestes-et-postures\/#primaryimage\"},\"image\":{\"@id\":\"https:\/\/securiteservicesformations.com\/index.php\/gestes-et-postures\/#primaryimage\"},\"thumbnailUrl\":\"https:\/\/sercuriteservicesformations.fr\/wp-content\/uploads\/2023\/11\/gestes-et-postures-1024x683.jpg\",\"datePublished\":\"2023-11-12T14:34:17+00:00\",\"dateModified\":\"2024-01-02T14:36:10+00:00\",\"breadcrumb\":{\"@id\":\"https:\/\/securiteservicesformations.com\/index.php\/gestes-et-postures\/#breadcrumb\"},\"inLanguage\":\"fr-FR\",\"potentialAction\":[{\"@type\":\"ReadAction\",\"target\":[\"https:\/\/securiteservicesformations.com\/index.php\/gestes-et-postures\/\"]}]},{\"@type\":\"ImageObject\",\"inLanguage\":\"fr-FR\",\"@id\":\"https:\/\/securiteservicesformations.com\/index.php\/gestes-et-postures\/#primaryimage\",\"url\":\"https:\/\/sercuriteservicesformations.fr\/wp-content\/uploads\/2023\/11\/gestes-et-postures-1024x683.jpg\",\"contentUrl\":\"https:\/\/sercuriteservicesformations.fr\/wp-content\/uploads\/2023\/11\/gestes-et-postures-1024x683.jpg\"},{\"@type\":\"BreadcrumbList\",\"@id\":\"https:\/\/securiteservicesformations.com\/index.php\/gestes-et-postures\/#breadcrumb\",\"itemListElement\":[{\"@type\":\"ListItem\",\"position\":1,\"name\":\"Accueil\",\"item\":\"https:\/\/securiteservicesformations.com\/\"},{\"@type\":\"ListItem\",\"position\":2,\"name\":\"Gestes et postures\"}]},{\"@type\":\"WebSite\",\"@id\":\"https:\/\/securiteservicesformations.com\/#website\",\"url\":\"https:\/\/securiteservicesformations.com\/\",\"name\":\"S\u00e9curit\u00e9 services formations\",\"description\":\"Entreprise proposant des formations.\",\"publisher\":{\"@id\":\"https:\/\/securiteservicesformations.com\/#organization\"},\"potentialAction\":[{\"@type\":\"SearchAction\",\"target\":{\"@type\":\"EntryPoint\",\"urlTemplate\":\"https:\/\/securiteservicesformations.com\/?s={search_term_string}\"},\"query-input\":{\"@type\":\"PropertyValueSpecification\",\"valueRequired\":true,\"valueName\":\"search_term_string\"}}],\"inLanguage\":\"fr-FR\"},{\"@type\":\"Organization\",\"@id\":\"https:\/\/securiteservicesformations.com\/#organization\",\"name\":\"S\u00e9curit\u00e9 services formations\",\"url\":\"https:\/\/securiteservicesformations.com\/\",\"logo\":{\"@type\":\"ImageObject\",\"inLanguage\":\"fr-FR\",\"@id\":\"https:\/\/securiteservicesformations.com\/#\/schema\/logo\/image\/\",\"url\":\"https:\/\/securiteservicesformations.com\/wp-content\/uploads\/2023\/11\/cropped-logo-fafa.jpg\",\"contentUrl\":\"https:\/\/securiteservicesformations.com\/wp-content\/uploads\/2023\/11\/cropped-logo-fafa.jpg\",\"width\":500,\"height\":367,\"caption\":\"S\u00e9curit\u00e9 services formations\"},\"image\":{\"@id\":\"https:\/\/securiteservicesformations.com\/#\/schema\/logo\/image\/\"}}]}<\/script>\n<!-- \/ Yoast SEO plugin. -->","yoast_head_json":{"title":"Gestes et postures - S\u00e9curit\u00e9 services formations","robots":{"index":"index","follow":"follow","max-snippet":"max-snippet:-1","max-image-preview":"max-image-preview:large","max-video-preview":"max-video-preview:-1"},"canonical":"https:\/\/securiteservicesformations.com\/index.php\/gestes-et-postures\/","og_locale":"fr_FR","og_type":"article","og_title":"Gestes et postures - S\u00e9curit\u00e9 services formations","og_description":"Description de la formation : Les maladies et les accidents lombalgiques sont au premier plan des nouvelles maladies professionnelles. Sensibiliser les personnes concern\u00e9es permettra une meilleure compr\u00e9hension du m\u00e9canisme...","og_url":"https:\/\/securiteservicesformations.com\/index.php\/gestes-et-postures\/","og_site_name":"S\u00e9curit\u00e9 services formations","article_modified_time":"2024-01-02T14:36:10+00:00","og_image":[{"url":"https:\/\/sercuriteservicesformations.fr\/wp-content\/uploads\/2023\/11\/gestes-et-postures-1024x683.jpg","type":"","width":"","height":""}],"twitter_card":"summary_large_image","twitter_misc":{"Dur\u00e9e de lecture estim\u00e9e":"2 minutes"},"schema":{"@context":"https:\/\/schema.org","@graph":[{"@type":"WebPage","@id":"https:\/\/securiteservicesformations.com\/index.php\/gestes-et-postures\/","url":"https:\/\/securiteservicesformations.com\/index.php\/gestes-et-postures\/","name":"Gestes et postures - S\u00e9curit\u00e9 services formations","isPartOf":{"@id":"https:\/\/securiteservicesformations.com\/#website"},"primaryImageOfPage":{"@id":"https:\/\/securiteservicesformations.com\/index.php\/gestes-et-postures\/#primaryimage"},"image":{"@id":"https:\/\/securiteservicesformations.com\/index.php\/gestes-et-postures\/#primaryimage"},"thumbnailUrl":"https:\/\/sercuriteservicesformations.fr\/wp-content\/uploads\/2023\/11\/gestes-et-postures-1024x683.jpg","datePublished":"2023-11-12T14:34:17+00:00","dateModified":"2024-01-02T14:36:10+00:00","breadcrumb":{"@id":"https:\/\/securiteservicesformations.com\/index.php\/gestes-et-postures\/#breadcrumb"},"inLanguage":"fr-FR","potentialAction":[{"@type":"ReadAction","target":["https:\/\/securiteservicesformations.com\/index.php\/gestes-et-postures\/"]}]},{"@type":"ImageObject","inLanguage":"fr-FR","@id":"https:\/\/securiteservicesformations.com\/index.php\/gestes-et-postures\/#primaryimage","url":"https:\/\/sercuriteservicesformations.fr\/wp-content\/uploads\/2023\/11\/gestes-et-postures-1024x683.jpg","contentUrl":"https:\/\/sercuriteservicesformations.fr\/wp-content\/uploads\/2023\/11\/gestes-et-postures-1024x683.jpg"},{"@type":"BreadcrumbList","@id":"https:\/\/securiteservicesformations.com\/index.php\/gestes-et-postures\/#breadcrumb","itemListElement":[{"@type":"ListItem","position":1,"name":"Accueil","item":"https:\/\/securiteservicesformations.com\/"},{"@type":"ListItem","position":2,"name":"Gestes et postures"}]},{"@type":"WebSite","@id":"https:\/\/securiteservicesformations.com\/#website","url":"https:\/\/securiteservicesformations.com\/","name":"S\u00e9curit\u00e9 services formations","description":"Entreprise proposant des formations.","publisher":{"@id":"https:\/\/securiteservicesformations.com\/#organization"},"potentialAction":[{"@type":"SearchAction","target":{"@type":"EntryPoint","urlTemplate":"https:\/\/securiteservicesformations.com\/?s={search_term_string}"},"query-input":{"@type":"PropertyValueSpecification","valueRequired":true,"valueName":"search_term_string"}}],"inLanguage":"fr-FR"},{"@type":"Organization","@id":"https:\/\/securiteservicesformations.com\/#organization","name":"S\u00e9curit\u00e9 services formations","url":"https:\/\/securiteservicesformations.com\/","logo":{"@type":"ImageObject","inLanguage":"fr-FR","@id":"https:\/\/securiteservicesformations.com\/#\/schema\/logo\/image\/","url":"https:\/\/securiteservicesformations.com\/wp-content\/uploads\/2023\/11\/cropped-logo-fafa.jpg","contentUrl":"https:\/\/securiteservicesformations.com\/wp-content\/uploads\/2023\/11\/cropped-logo-fafa.jpg","width":500,"height":367,"caption":"S\u00e9curit\u00e9 services formations"},"image":{"@id":"https:\/\/securiteservicesformations.com\/#\/schema\/logo\/image\/"}}]}},"_links":{"self":[{"href":"https:\/\/securiteservicesformations.com\/index.php\/wp-json\/wp\/v2\/pages\/60","targetHints":{"allow":["GET"]}}],"collection":[{"href":"https:\/\/securiteservicesformations.com\/index.php\/wp-json\/wp\/v2\/pages"}],"about":[{"href":"https:\/\/securiteservicesformations.com\/index.php\/wp-json\/wp\/v2\/types\/page"}],"author":[{"embeddable":true,"href":"https:\/\/securiteservicesformations.com\/index.php\/wp-json\/wp\/v2\/users\/1"}],"replies":[{"embeddable":true,"href":"https:\/\/securiteservicesformations.com\/index.php\/wp-json\/wp\/v2\/comments?post=60"}],"version-history":[{"count":3,"href":"https:\/\/securiteservicesformations.com\/index.php\/wp-json\/wp\/v2\/pages\/60\/revisions"}],"predecessor-version":[{"id":227,"href":"https:\/\/securiteservicesformations.com\/index.php\/wp-json\/wp\/v2\/pages\/60\/revisions\/227"}],"wp:attachment":[{"href":"https:\/\/securiteservicesformations.com\/index.php\/wp-json\/wp\/v2\/media?parent=60"}],"curies":[{"name":"wp","href":"https:\/\/api.w.org\/{rel}","templated":true}]}}