{"id":48,"date":"2023-11-12T15:34:34","date_gmt":"2023-11-12T14:34:34","guid":{"rendered":"https:\/\/sercuriteservicesformations.fr\/?page_id=48"},"modified":"2024-01-02T15:36:10","modified_gmt":"2024-01-02T14:36:10","slug":"manipulation-des-extincteurs","status":"publish","type":"page","link":"https:\/\/securiteservicesformations.com\/index.php\/manipulation-des-extincteurs\/","title":{"rendered":"Manipulation des extincteurs"},"content":{"rendered":"\n<figure class=\"wp-block-image aligncenter size-full\"><img loading=\"lazy\" decoding=\"async\" width=\"637\" height=\"288\" src=\"https:\/\/sercuriteservicesformations.fr\/wp-content\/uploads\/2023\/11\/formation_extincteur.jpg\" alt=\"\" class=\"wp-image-49\" srcset=\"https:\/\/securiteservicesformations.com\/wp-content\/uploads\/2023\/11\/formation_extincteur.jpg 637w, https:\/\/securiteservicesformations.com\/wp-content\/uploads\/2023\/11\/formation_extincteur-300x136.jpg 300w\" sizes=\"auto, (max-width: 637px) 100vw, 637px\" \/><\/figure>\n\n\n\n<hr class=\"wp-block-separator has-alpha-channel-opacity\"\/>\n\n\n\n<h2 class=\"wp-block-heading\">Description de la formation :<\/h2>\n\n\n\n<p>La s\u00e9curit\u00e9 incendie est bien souvent sous-estim\u00e9e dans l\u2019environnement de l\u2019entreprise.<br><br>Pourtant, ce risque peut causer des blessures, nombre de d\u00e9g\u00e2ts physiques et mat\u00e9riels mais aussi de tr\u00e8s lourdes pertes financi\u00e8res pour l\u2019entreprise.<br><br>Heureusement, des gestes simples permettent de fortement limiter les risques d&rsquo;incendie.<br><br>La formation manipulation des extincteurs vise \u00e0 former les professionnels de tous horizons au maniement des appareils d\u2019extinctions des d\u00e9buts de feux. <br><br>Gr\u00e2ce aux comp\u00e9tences cl\u00e9s d\u00e9velopp\u00e9es via cette formation, le personnel reconnait les signes d\u2019un danger d\u2019incendie, appelle les secours, r\u00e9pond \u00e0 un d\u00e9part de flammes et tente d\u2019enrayer la progression de l\u2019incendie avec rapidit\u00e9 et efficacit\u00e9.<br><br>Le personnel form\u00e9 devient un \u00e9l\u00e9ment performant dans la lutte passive et active contre l\u2019incendie et prot\u00e8ge les int\u00e9r\u00eats de l\u2019entreprise. <br>Vos salari\u00e9s sont ainsi les acteurs de votre d\u00e9marche de pr\u00e9vention.<\/p>\n\n\n\n<hr class=\"wp-block-separator has-alpha-channel-opacity\"\/>\n\n\n\n<h2 class=\"wp-block-heading\">Informations pratiques<\/h2>\n\n\n\n<p><strong>Dur\u00e9e de la formation :<\/strong><br>1 jour (2h en pr\u00e9sentiel)<\/p>\n\n\n\n<p><strong>Public concern\u00e9 :<\/strong><br>L&rsquo;ensemble du personnel sans restriction de fonction. (Aucun pr\u00e9requis)<\/p>\n\n\n\n<p><strong>Effectif par session :<\/strong><br>12 participants par groupe maximum.<\/p>\n\n\n\n<p><strong>M\u00e9thodes p\u00e9dagogiques :<\/strong><br>Apprentissage th\u00e9orique et pratique.<\/p>\n\n\n\n<p><strong>Maintien des comp\u00e9tences :<\/strong><br>12 mois.<\/p>\n\n\n\n<p><strong>Validation des acquis :<\/strong><br>Attestation de formation.<\/p>\n\n\n\n<p><strong>Mat\u00e9riel p\u00e9dagogique : <\/strong><br>Ordinateur, vid\u00e9oprojecteur, pr\u00e9sentation PowerPoint, g\u00e9n\u00e9rateur de flamme, extincteurs, livret de formation.<\/p>\n\n\n\n<p><strong>R\u00e9f\u00e9rences r\u00e9glementaires :<\/strong><br>Article L4741-2 du Code du travail.<br>Article R4227-28 du Code du travail.<br>Article R4227-33 du Code du travail.<br>Article R4227-37 du Code du travail.<br>Article R4227-39 du Code du travail.<\/p>\n\n\n\n<p><strong>Accessibilit\u00e9 :<\/strong><br>SSF s\u2019engage \u00e0 favoriser l\u2019acc\u00e8s \u00e0 la formation pour toutes et pour tous. Pour toute question, vous pouvez solliciter notre r\u00e9f\u00e9rent handicap.<\/p>\n\n\n\n<p><strong>Lieu de formation :<\/strong><br>Formation Intra-Entreprise, la formation est r\u00e9alis\u00e9e dans vos locaux selon vos disponibilit\u00e9s.<\/p>\n\n\n\n<p><strong>Informations tarifaire :<\/strong><br>Pour obtenir un tarif veuillez nous contacter via les moyens de contact ci-dessous.<br><br>T\u00e9l\u00e9phone : 06.19.28.18.56<br>Mail : securiteservicesformations@gmail.com<\/p>\n\n\n\n<p><strong>Plaquette de formation :<\/strong><\/p>\n\n\n\n<div data-wp-interactive=\"core\/file\" class=\"wp-block-file\"><object data-wp-bind--hidden=\"!state.hasPdfPreview\" hidden class=\"wp-block-file__embed\" data=\"https:\/\/securiteservicesformations.com\/wp-content\/uploads\/2024\/01\/Programme-Formation-Manipulation-Extincteur-1.pdf\" type=\"application\/pdf\" style=\"width:100%;height:600px\" aria-label=\"Contenu embarqu\u00e9 Programme-Formation-Manipulation-Extincteur-1.\"><\/object><a id=\"wp-block-file--media-36be3d30-dbed-4c1b-a25f-ea495e5c8c49\" href=\"https:\/\/securiteservicesformations.com\/wp-content\/uploads\/2024\/01\/Programme-Formation-Manipulation-Extincteur-1.pdf\">Programme-Formation-Manipulation-Extincteur-1<\/a><a href=\"https:\/\/securiteservicesformations.com\/wp-content\/uploads\/2024\/01\/Programme-Formation-Manipulation-Extincteur-1.pdf\" class=\"wp-block-file__button wp-element-button\" download aria-describedby=\"wp-block-file--media-36be3d30-dbed-4c1b-a25f-ea495e5c8c49\">T\u00e9l\u00e9charger<\/a><\/div>\n","protected":false},"excerpt":{"rendered":"<p>Description de la formation : La s\u00e9curit\u00e9 incendie est bien souvent sous-estim\u00e9e dans l\u2019environnement de l\u2019entreprise. Pourtant, ce risque peut causer des blessures, nombre de d\u00e9g\u00e2ts physiques et mat\u00e9riels&#8230;<\/p>\n","protected":false},"author":1,"featured_media":0,"parent":0,"menu_order":0,"comment_status":"closed","ping_status":"closed","template":"","meta":{"footnotes":""},"class_list":["post-48","page","type-page","status-publish","hentry"],"yoast_head":"<!-- This site is optimized with the Yoast SEO plugin v24.5 - https:\/\/yoast.com\/wordpress\/plugins\/seo\/ -->\n<title>Manipulation des extincteurs - S\u00e9curit\u00e9 services formations<\/title>\n<meta name=\"robots\" content=\"index, follow, max-snippet:-1, max-image-preview:large, max-video-preview:-1\" \/>\n<link rel=\"canonical\" href=\"https:\/\/securiteservicesformations.com\/index.php\/manipulation-des-extincteurs\/\" \/>\n<meta property=\"og:locale\" content=\"fr_FR\" \/>\n<meta property=\"og:type\" content=\"article\" \/>\n<meta property=\"og:title\" content=\"Manipulation des extincteurs - S\u00e9curit\u00e9 services formations\" \/>\n<meta property=\"og:description\" content=\"Description de la formation : La s\u00e9curit\u00e9 incendie est bien souvent sous-estim\u00e9e dans l\u2019environnement de l\u2019entreprise. Pourtant, ce risque peut causer des blessures, nombre de d\u00e9g\u00e2ts physiques et mat\u00e9riels...\" \/>\n<meta property=\"og:url\" content=\"https:\/\/securiteservicesformations.com\/index.php\/manipulation-des-extincteurs\/\" \/>\n<meta property=\"og:site_name\" content=\"S\u00e9curit\u00e9 services formations\" \/>\n<meta property=\"article:modified_time\" content=\"2024-01-02T14:36:10+00:00\" \/>\n<meta property=\"og:image\" content=\"https:\/\/sercuriteservicesformations.fr\/wp-content\/uploads\/2023\/11\/formation_extincteur.jpg\" \/>\n<meta name=\"twitter:card\" content=\"summary_large_image\" \/>\n<meta name=\"twitter:label1\" content=\"Dur\u00e9e de lecture estim\u00e9e\" \/>\n\t<meta name=\"twitter:data1\" content=\"2 minutes\" \/>\n<script type=\"application\/ld+json\" class=\"yoast-schema-graph\">{\"@context\":\"https:\/\/schema.org\",\"@graph\":[{\"@type\":\"WebPage\",\"@id\":\"https:\/\/securiteservicesformations.com\/index.php\/manipulation-des-extincteurs\/\",\"url\":\"https:\/\/securiteservicesformations.com\/index.php\/manipulation-des-extincteurs\/\",\"name\":\"Manipulation des extincteurs - S\u00e9curit\u00e9 services formations\",\"isPartOf\":{\"@id\":\"https:\/\/securiteservicesformations.com\/#website\"},\"primaryImageOfPage\":{\"@id\":\"https:\/\/securiteservicesformations.com\/index.php\/manipulation-des-extincteurs\/#primaryimage\"},\"image\":{\"@id\":\"https:\/\/securiteservicesformations.com\/index.php\/manipulation-des-extincteurs\/#primaryimage\"},\"thumbnailUrl\":\"https:\/\/sercuriteservicesformations.fr\/wp-content\/uploads\/2023\/11\/formation_extincteur.jpg\",\"datePublished\":\"2023-11-12T14:34:34+00:00\",\"dateModified\":\"2024-01-02T14:36:10+00:00\",\"breadcrumb\":{\"@id\":\"https:\/\/securiteservicesformations.com\/index.php\/manipulation-des-extincteurs\/#breadcrumb\"},\"inLanguage\":\"fr-FR\",\"potentialAction\":[{\"@type\":\"ReadAction\",\"target\":[\"https:\/\/securiteservicesformations.com\/index.php\/manipulation-des-extincteurs\/\"]}]},{\"@type\":\"ImageObject\",\"inLanguage\":\"fr-FR\",\"@id\":\"https:\/\/securiteservicesformations.com\/index.php\/manipulation-des-extincteurs\/#primaryimage\",\"url\":\"https:\/\/sercuriteservicesformations.fr\/wp-content\/uploads\/2023\/11\/formation_extincteur.jpg\",\"contentUrl\":\"https:\/\/sercuriteservicesformations.fr\/wp-content\/uploads\/2023\/11\/formation_extincteur.jpg\"},{\"@type\":\"BreadcrumbList\",\"@id\":\"https:\/\/securiteservicesformations.com\/index.php\/manipulation-des-extincteurs\/#breadcrumb\",\"itemListElement\":[{\"@type\":\"ListItem\",\"position\":1,\"name\":\"Accueil\",\"item\":\"https:\/\/securiteservicesformations.com\/\"},{\"@type\":\"ListItem\",\"position\":2,\"name\":\"Manipulation des extincteurs\"}]},{\"@type\":\"WebSite\",\"@id\":\"https:\/\/securiteservicesformations.com\/#website\",\"url\":\"https:\/\/securiteservicesformations.com\/\",\"name\":\"S\u00e9curit\u00e9 services formations\",\"description\":\"Entreprise proposant des formations.\",\"publisher\":{\"@id\":\"https:\/\/securiteservicesformations.com\/#organization\"},\"potentialAction\":[{\"@type\":\"SearchAction\",\"target\":{\"@type\":\"EntryPoint\",\"urlTemplate\":\"https:\/\/securiteservicesformations.com\/?s={search_term_string}\"},\"query-input\":{\"@type\":\"PropertyValueSpecification\",\"valueRequired\":true,\"valueName\":\"search_term_string\"}}],\"inLanguage\":\"fr-FR\"},{\"@type\":\"Organization\",\"@id\":\"https:\/\/securiteservicesformations.com\/#organization\",\"name\":\"S\u00e9curit\u00e9 services formations\",\"url\":\"https:\/\/securiteservicesformations.com\/\",\"logo\":{\"@type\":\"ImageObject\",\"inLanguage\":\"fr-FR\",\"@id\":\"https:\/\/securiteservicesformations.com\/#\/schema\/logo\/image\/\",\"url\":\"https:\/\/securiteservicesformations.com\/wp-content\/uploads\/2023\/11\/cropped-logo-fafa.jpg\",\"contentUrl\":\"https:\/\/securiteservicesformations.com\/wp-content\/uploads\/2023\/11\/cropped-logo-fafa.jpg\",\"width\":500,\"height\":367,\"caption\":\"S\u00e9curit\u00e9 services formations\"},\"image\":{\"@id\":\"https:\/\/securiteservicesformations.com\/#\/schema\/logo\/image\/\"}}]}<\/script>\n<!-- \/ Yoast SEO plugin. -->","yoast_head_json":{"title":"Manipulation des extincteurs - S\u00e9curit\u00e9 services formations","robots":{"index":"index","follow":"follow","max-snippet":"max-snippet:-1","max-image-preview":"max-image-preview:large","max-video-preview":"max-video-preview:-1"},"canonical":"https:\/\/securiteservicesformations.com\/index.php\/manipulation-des-extincteurs\/","og_locale":"fr_FR","og_type":"article","og_title":"Manipulation des extincteurs - S\u00e9curit\u00e9 services formations","og_description":"Description de la formation : La s\u00e9curit\u00e9 incendie est bien souvent sous-estim\u00e9e dans l\u2019environnement de l\u2019entreprise. Pourtant, ce risque peut causer des blessures, nombre de d\u00e9g\u00e2ts physiques et mat\u00e9riels...","og_url":"https:\/\/securiteservicesformations.com\/index.php\/manipulation-des-extincteurs\/","og_site_name":"S\u00e9curit\u00e9 services formations","article_modified_time":"2024-01-02T14:36:10+00:00","og_image":[{"url":"https:\/\/sercuriteservicesformations.fr\/wp-content\/uploads\/2023\/11\/formation_extincteur.jpg","type":"","width":"","height":""}],"twitter_card":"summary_large_image","twitter_misc":{"Dur\u00e9e de lecture estim\u00e9e":"2 minutes"},"schema":{"@context":"https:\/\/schema.org","@graph":[{"@type":"WebPage","@id":"https:\/\/securiteservicesformations.com\/index.php\/manipulation-des-extincteurs\/","url":"https:\/\/securiteservicesformations.com\/index.php\/manipulation-des-extincteurs\/","name":"Manipulation des extincteurs - S\u00e9curit\u00e9 services formations","isPartOf":{"@id":"https:\/\/securiteservicesformations.com\/#website"},"primaryImageOfPage":{"@id":"https:\/\/securiteservicesformations.com\/index.php\/manipulation-des-extincteurs\/#primaryimage"},"image":{"@id":"https:\/\/securiteservicesformations.com\/index.php\/manipulation-des-extincteurs\/#primaryimage"},"thumbnailUrl":"https:\/\/sercuriteservicesformations.fr\/wp-content\/uploads\/2023\/11\/formation_extincteur.jpg","datePublished":"2023-11-12T14:34:34+00:00","dateModified":"2024-01-02T14:36:10+00:00","breadcrumb":{"@id":"https:\/\/securiteservicesformations.com\/index.php\/manipulation-des-extincteurs\/#breadcrumb"},"inLanguage":"fr-FR","potentialAction":[{"@type":"ReadAction","target":["https:\/\/securiteservicesformations.com\/index.php\/manipulation-des-extincteurs\/"]}]},{"@type":"ImageObject","inLanguage":"fr-FR","@id":"https:\/\/securiteservicesformations.com\/index.php\/manipulation-des-extincteurs\/#primaryimage","url":"https:\/\/sercuriteservicesformations.fr\/wp-content\/uploads\/2023\/11\/formation_extincteur.jpg","contentUrl":"https:\/\/sercuriteservicesformations.fr\/wp-content\/uploads\/2023\/11\/formation_extincteur.jpg"},{"@type":"BreadcrumbList","@id":"https:\/\/securiteservicesformations.com\/index.php\/manipulation-des-extincteurs\/#breadcrumb","itemListElement":[{"@type":"ListItem","position":1,"name":"Accueil","item":"https:\/\/securiteservicesformations.com\/"},{"@type":"ListItem","position":2,"name":"Manipulation des extincteurs"}]},{"@type":"WebSite","@id":"https:\/\/securiteservicesformations.com\/#website","url":"https:\/\/securiteservicesformations.com\/","name":"S\u00e9curit\u00e9 services formations","description":"Entreprise proposant des formations.","publisher":{"@id":"https:\/\/securiteservicesformations.com\/#organization"},"potentialAction":[{"@type":"SearchAction","target":{"@type":"EntryPoint","urlTemplate":"https:\/\/securiteservicesformations.com\/?s={search_term_string}"},"query-input":{"@type":"PropertyValueSpecification","valueRequired":true,"valueName":"search_term_string"}}],"inLanguage":"fr-FR"},{"@type":"Organization","@id":"https:\/\/securiteservicesformations.com\/#organization","name":"S\u00e9curit\u00e9 services formations","url":"https:\/\/securiteservicesformations.com\/","logo":{"@type":"ImageObject","inLanguage":"fr-FR","@id":"https:\/\/securiteservicesformations.com\/#\/schema\/logo\/image\/","url":"https:\/\/securiteservicesformations.com\/wp-content\/uploads\/2023\/11\/cropped-logo-fafa.jpg","contentUrl":"https:\/\/securiteservicesformations.com\/wp-content\/uploads\/2023\/11\/cropped-logo-fafa.jpg","width":500,"height":367,"caption":"S\u00e9curit\u00e9 services formations"},"image":{"@id":"https:\/\/securiteservicesformations.com\/#\/schema\/logo\/image\/"}}]}},"_links":{"self":[{"href":"https:\/\/securiteservicesformations.com\/index.php\/wp-json\/wp\/v2\/pages\/48","targetHints":{"allow":["GET"]}}],"collection":[{"href":"https:\/\/securiteservicesformations.com\/index.php\/wp-json\/wp\/v2\/pages"}],"about":[{"href":"https:\/\/securiteservicesformations.com\/index.php\/wp-json\/wp\/v2\/types\/page"}],"author":[{"embeddable":true,"href":"https:\/\/securiteservicesformations.com\/index.php\/wp-json\/wp\/v2\/users\/1"}],"replies":[{"embeddable":true,"href":"https:\/\/securiteservicesformations.com\/index.php\/wp-json\/wp\/v2\/comments?post=48"}],"version-history":[{"count":4,"href":"https:\/\/securiteservicesformations.com\/index.php\/wp-json\/wp\/v2\/pages\/48\/revisions"}],"predecessor-version":[{"id":231,"href":"https:\/\/securiteservicesformations.com\/index.php\/wp-json\/wp\/v2\/pages\/48\/revisions\/231"}],"wp:attachment":[{"href":"https:\/\/securiteservicesformations.com\/index.php\/wp-json\/wp\/v2\/media?parent=48"}],"curies":[{"name":"wp","href":"https:\/\/api.w.org\/{rel}","templated":true}]}}