{"id":241,"date":"2024-01-07T21:38:55","date_gmt":"2024-01-07T20:38:55","guid":{"rendered":"https:\/\/securiteservicesformations.com\/?page_id=241"},"modified":"2024-01-09T21:09:00","modified_gmt":"2024-01-09T20:09:00","slug":"nos-tarifs","status":"publish","type":"page","link":"https:\/\/securiteservicesformations.com\/index.php\/nos-tarifs\/","title":{"rendered":"Nos tarifs"},"content":{"rendered":"\n<p>Vous retrouverez ci-dessous nos tarifs en fonction des prestations propos\u00e9es :<\/p>\n\n\n\n<hr class=\"wp-block-separator aligncenter has-alpha-channel-opacity is-style-default\"\/>\n\n\n\n<p><\/p>\n\n\n\n<figure class=\"wp-block-table\"><table><tbody><tr><td>Formation initial S.S.T (14h sur deux journ\u00e9es)<\/td><td>1280 \u20ac \/ groupe<\/td><\/tr><tr><td>Formation Maintient et Actualisation des Comp\u00e9tences S.S.T (7h sur une journ\u00e9e)<\/td><td>900 \u20ac \/ groupe<\/td><\/tr><tr><td>Formation \u00c9vacuation Guide\/Serre File (2h30 sur une journ\u00e9e)<\/td><td>480 \u20ac \/ groupe<\/td><\/tr><tr><td>Formation Manipulation des Extincteurs (2h sur une journ\u00e9e)<\/td><td>480 \u20ac \/ groupe<\/td><\/tr><tr><td>Formation \u00c9quipier de Premi\u00e8re Intervention (3h30 sur une journ\u00e9e)<\/td><td>680 \u20ac \/ groupe<\/td><\/tr><tr><td>Formation Gestes et Postures (3h30 sur une journ\u00e9e)<\/td><td>480 \u20ac \/ groupe<\/td><\/tr><tr><td>Formation Habilitation \u00c9lectrique H0\/B0 (sur une journ\u00e9e)<\/td><td>900 \u20ac \/ groupe<\/td><\/tr><tr><td>Formation Habilitation \u00c9lectrique BS\/BE Man\u0153uvre (sur deux journ\u00e9es)<\/td><td>1280 \u20ac \/ groupe<\/td><\/tr><tr><td>Impression Carte S.S.T en plastique au format CB<\/td><td>12 \u20ac \/ carte<\/td><\/tr><\/tbody><\/table><figcaption class=\"wp-element-caption\"><br>Les tarifs sont calcul\u00e9s en forfait de groupe allant de 4 \u00e0 10 participants.<br>Pour conna\u00eetre les tarifs individuels, merci de nous contacter via <a href=\"https:\/\/securiteservicesformations.com\/index.php\/nous-contacter\/\">notre formulaire de contact<\/a>.<\/figcaption><\/figure>\n\n\n\n<p class=\"has-text-align-center\"><mark style=\"background-color:rgba(0, 0, 0, 0);color:#f80000\" class=\"has-inline-color\">Les tarifs peuvent \u00eatres modifi\u00e9s selon la conjoncture actuelle.<\/mark><br><em><strong><mark style=\"background-color:rgba(0, 0, 0, 0);color:#f90a0a\" class=\"has-inline-color\">TVA non applicable<\/mark><\/strong><\/em><\/p>\n\n\n\n<p class=\"has-text-align-center\">NB : Des frais suppl\u00e9mentaires peuvent \u00eatre rajout\u00e9s suivant le lieu de formation (frais de route, logement, etc&#8230;)<\/p>\n","protected":false},"excerpt":{"rendered":"<p>Vous retrouverez ci-dessous nos tarifs en fonction des prestations propos\u00e9es : Formation initial S.S.T (14h sur deux journ\u00e9es) 1280 \u20ac \/ groupe Formation Maintient et Actualisation des Comp\u00e9tences S.S.T&#8230;<\/p>\n","protected":false},"author":1,"featured_media":0,"parent":0,"menu_order":0,"comment_status":"closed","ping_status":"closed","template":"","meta":{"footnotes":""},"class_list":["post-241","page","type-page","status-publish","hentry"],"yoast_head":"<!-- This site is optimized with the Yoast SEO plugin v24.5 - https:\/\/yoast.com\/wordpress\/plugins\/seo\/ -->\n<title>Nos tarifs - S\u00e9curit\u00e9 services formations<\/title>\n<meta name=\"robots\" content=\"index, follow, max-snippet:-1, max-image-preview:large, max-video-preview:-1\" \/>\n<link rel=\"canonical\" href=\"https:\/\/securiteservicesformations.com\/index.php\/nos-tarifs\/\" \/>\n<meta property=\"og:locale\" content=\"fr_FR\" \/>\n<meta property=\"og:type\" content=\"article\" \/>\n<meta property=\"og:title\" content=\"Nos tarifs - S\u00e9curit\u00e9 services formations\" \/>\n<meta property=\"og:description\" content=\"Vous retrouverez ci-dessous nos tarifs en fonction des prestations propos\u00e9es : Formation initial S.S.T (14h sur deux journ\u00e9es) 1280 \u20ac \/ groupe Formation Maintient et Actualisation des Comp\u00e9tences S.S.T...\" \/>\n<meta property=\"og:url\" content=\"https:\/\/securiteservicesformations.com\/index.php\/nos-tarifs\/\" \/>\n<meta property=\"og:site_name\" content=\"S\u00e9curit\u00e9 services formations\" \/>\n<meta property=\"article:modified_time\" content=\"2024-01-09T20:09:00+00:00\" \/>\n<meta name=\"twitter:card\" content=\"summary_large_image\" \/>\n<meta name=\"twitter:label1\" content=\"Dur\u00e9e de lecture estim\u00e9e\" \/>\n\t<meta name=\"twitter:data1\" content=\"1 minute\" \/>\n<script type=\"application\/ld+json\" class=\"yoast-schema-graph\">{\"@context\":\"https:\/\/schema.org\",\"@graph\":[{\"@type\":\"WebPage\",\"@id\":\"https:\/\/securiteservicesformations.com\/index.php\/nos-tarifs\/\",\"url\":\"https:\/\/securiteservicesformations.com\/index.php\/nos-tarifs\/\",\"name\":\"Nos tarifs - S\u00e9curit\u00e9 services formations\",\"isPartOf\":{\"@id\":\"https:\/\/securiteservicesformations.com\/#website\"},\"datePublished\":\"2024-01-07T20:38:55+00:00\",\"dateModified\":\"2024-01-09T20:09:00+00:00\",\"breadcrumb\":{\"@id\":\"https:\/\/securiteservicesformations.com\/index.php\/nos-tarifs\/#breadcrumb\"},\"inLanguage\":\"fr-FR\",\"potentialAction\":[{\"@type\":\"ReadAction\",\"target\":[\"https:\/\/securiteservicesformations.com\/index.php\/nos-tarifs\/\"]}]},{\"@type\":\"BreadcrumbList\",\"@id\":\"https:\/\/securiteservicesformations.com\/index.php\/nos-tarifs\/#breadcrumb\",\"itemListElement\":[{\"@type\":\"ListItem\",\"position\":1,\"name\":\"Accueil\",\"item\":\"https:\/\/securiteservicesformations.com\/\"},{\"@type\":\"ListItem\",\"position\":2,\"name\":\"Nos tarifs\"}]},{\"@type\":\"WebSite\",\"@id\":\"https:\/\/securiteservicesformations.com\/#website\",\"url\":\"https:\/\/securiteservicesformations.com\/\",\"name\":\"S\u00e9curit\u00e9 services formations\",\"description\":\"Entreprise proposant des formations.\",\"publisher\":{\"@id\":\"https:\/\/securiteservicesformations.com\/#organization\"},\"potentialAction\":[{\"@type\":\"SearchAction\",\"target\":{\"@type\":\"EntryPoint\",\"urlTemplate\":\"https:\/\/securiteservicesformations.com\/?s={search_term_string}\"},\"query-input\":{\"@type\":\"PropertyValueSpecification\",\"valueRequired\":true,\"valueName\":\"search_term_string\"}}],\"inLanguage\":\"fr-FR\"},{\"@type\":\"Organization\",\"@id\":\"https:\/\/securiteservicesformations.com\/#organization\",\"name\":\"S\u00e9curit\u00e9 services formations\",\"url\":\"https:\/\/securiteservicesformations.com\/\",\"logo\":{\"@type\":\"ImageObject\",\"inLanguage\":\"fr-FR\",\"@id\":\"https:\/\/securiteservicesformations.com\/#\/schema\/logo\/image\/\",\"url\":\"https:\/\/securiteservicesformations.com\/wp-content\/uploads\/2023\/11\/cropped-logo-fafa.jpg\",\"contentUrl\":\"https:\/\/securiteservicesformations.com\/wp-content\/uploads\/2023\/11\/cropped-logo-fafa.jpg\",\"width\":500,\"height\":367,\"caption\":\"S\u00e9curit\u00e9 services formations\"},\"image\":{\"@id\":\"https:\/\/securiteservicesformations.com\/#\/schema\/logo\/image\/\"}}]}<\/script>\n<!-- \/ Yoast SEO plugin. -->","yoast_head_json":{"title":"Nos tarifs - S\u00e9curit\u00e9 services formations","robots":{"index":"index","follow":"follow","max-snippet":"max-snippet:-1","max-image-preview":"max-image-preview:large","max-video-preview":"max-video-preview:-1"},"canonical":"https:\/\/securiteservicesformations.com\/index.php\/nos-tarifs\/","og_locale":"fr_FR","og_type":"article","og_title":"Nos tarifs - S\u00e9curit\u00e9 services formations","og_description":"Vous retrouverez ci-dessous nos tarifs en fonction des prestations propos\u00e9es : Formation initial S.S.T (14h sur deux journ\u00e9es) 1280 \u20ac \/ groupe Formation Maintient et Actualisation des Comp\u00e9tences S.S.T...","og_url":"https:\/\/securiteservicesformations.com\/index.php\/nos-tarifs\/","og_site_name":"S\u00e9curit\u00e9 services formations","article_modified_time":"2024-01-09T20:09:00+00:00","twitter_card":"summary_large_image","twitter_misc":{"Dur\u00e9e de lecture estim\u00e9e":"1 minute"},"schema":{"@context":"https:\/\/schema.org","@graph":[{"@type":"WebPage","@id":"https:\/\/securiteservicesformations.com\/index.php\/nos-tarifs\/","url":"https:\/\/securiteservicesformations.com\/index.php\/nos-tarifs\/","name":"Nos tarifs - S\u00e9curit\u00e9 services formations","isPartOf":{"@id":"https:\/\/securiteservicesformations.com\/#website"},"datePublished":"2024-01-07T20:38:55+00:00","dateModified":"2024-01-09T20:09:00+00:00","breadcrumb":{"@id":"https:\/\/securiteservicesformations.com\/index.php\/nos-tarifs\/#breadcrumb"},"inLanguage":"fr-FR","potentialAction":[{"@type":"ReadAction","target":["https:\/\/securiteservicesformations.com\/index.php\/nos-tarifs\/"]}]},{"@type":"BreadcrumbList","@id":"https:\/\/securiteservicesformations.com\/index.php\/nos-tarifs\/#breadcrumb","itemListElement":[{"@type":"ListItem","position":1,"name":"Accueil","item":"https:\/\/securiteservicesformations.com\/"},{"@type":"ListItem","position":2,"name":"Nos tarifs"}]},{"@type":"WebSite","@id":"https:\/\/securiteservicesformations.com\/#website","url":"https:\/\/securiteservicesformations.com\/","name":"S\u00e9curit\u00e9 services formations","description":"Entreprise proposant des formations.","publisher":{"@id":"https:\/\/securiteservicesformations.com\/#organization"},"potentialAction":[{"@type":"SearchAction","target":{"@type":"EntryPoint","urlTemplate":"https:\/\/securiteservicesformations.com\/?s={search_term_string}"},"query-input":{"@type":"PropertyValueSpecification","valueRequired":true,"valueName":"search_term_string"}}],"inLanguage":"fr-FR"},{"@type":"Organization","@id":"https:\/\/securiteservicesformations.com\/#organization","name":"S\u00e9curit\u00e9 services formations","url":"https:\/\/securiteservicesformations.com\/","logo":{"@type":"ImageObject","inLanguage":"fr-FR","@id":"https:\/\/securiteservicesformations.com\/#\/schema\/logo\/image\/","url":"https:\/\/securiteservicesformations.com\/wp-content\/uploads\/2023\/11\/cropped-logo-fafa.jpg","contentUrl":"https:\/\/securiteservicesformations.com\/wp-content\/uploads\/2023\/11\/cropped-logo-fafa.jpg","width":500,"height":367,"caption":"S\u00e9curit\u00e9 services formations"},"image":{"@id":"https:\/\/securiteservicesformations.com\/#\/schema\/logo\/image\/"}}]}},"_links":{"self":[{"href":"https:\/\/securiteservicesformations.com\/index.php\/wp-json\/wp\/v2\/pages\/241","targetHints":{"allow":["GET"]}}],"collection":[{"href":"https:\/\/securiteservicesformations.com\/index.php\/wp-json\/wp\/v2\/pages"}],"about":[{"href":"https:\/\/securiteservicesformations.com\/index.php\/wp-json\/wp\/v2\/types\/page"}],"author":[{"embeddable":true,"href":"https:\/\/securiteservicesformations.com\/index.php\/wp-json\/wp\/v2\/users\/1"}],"replies":[{"embeddable":true,"href":"https:\/\/securiteservicesformations.com\/index.php\/wp-json\/wp\/v2\/comments?post=241"}],"version-history":[{"count":6,"href":"https:\/\/securiteservicesformations.com\/index.php\/wp-json\/wp\/v2\/pages\/241\/revisions"}],"predecessor-version":[{"id":250,"href":"https:\/\/securiteservicesformations.com\/index.php\/wp-json\/wp\/v2\/pages\/241\/revisions\/250"}],"wp:attachment":[{"href":"https:\/\/securiteservicesformations.com\/index.php\/wp-json\/wp\/v2\/media?parent=241"}],"curies":[{"name":"wp","href":"https:\/\/api.w.org\/{rel}","templated":true}]}}