{"id":195,"date":"2024-01-02T16:58:01","date_gmt":"2024-01-02T15:58:01","guid":{"rendered":"https:\/\/securiteservicesformations.com\/?page_id=195"},"modified":"2024-01-02T16:58:01","modified_gmt":"2024-01-02T15:58:01","slug":"formation-gestes-qui-sauvent","status":"publish","type":"page","link":"https:\/\/securiteservicesformations.com\/index.php\/formation-gestes-qui-sauvent\/","title":{"rendered":"Premiers Secours en entreprise"},"content":{"rendered":"\n<h2 class=\"wp-block-heading\">Description de la formation :<\/h2>\n\n\n\n<p>Ma\u00eetriser les gestes qui sauvent est devenu indispensable aujourd&rsquo;hui en entreprise. A ce titre, nous vous proposons un programme de formation aux premiers secours.<br><br>Ce stage permet \u00e0 tous vos collaborateurs de ma\u00eetriser les gestes d\u2019urgence et d\u2019apporter les premiers soins. Ils seront ainsi capables d\u2019intervenir face \u00e0 une personne bless\u00e9e ou en d\u00e9tresse (malaise, h\u00e9morragie, arr\u00eat cardiaque etc.), en attendant l\u2019arriv\u00e9e des secours.<br><br>R\u00e9alis\u00e9e sur une journ\u00e9e (contre deux pour la formation SST obligatoire), cette formation est essentiellement pratique. <br>Un module de sensibilisation de deux heures peut \u00e9galement vous \u00eatre propos\u00e9.<\/p>\n\n\n\n<hr class=\"wp-block-separator has-alpha-channel-opacity\"\/>\n\n\n\n<h2 class=\"wp-block-heading\">Informations pratiques :<\/h2>\n\n\n\n<p><strong>Dur\u00e9e de la formation :<\/strong><br>3h \u00e0 7h (1 journ\u00e9e en pr\u00e9sentiel)<\/p>\n\n\n\n<p><strong>Public concern\u00e9 :<\/strong><br>Cette formation s&rsquo;adresse \u00e0 toutes les personnes souhaitant b\u00e9n\u00e9ficier d&rsquo;une formation aux premiers secours.<\/p>\n\n\n\n<p><strong>Effectif par session :<\/strong><br>4 minimum jusqu&rsquo;\u00e0 10 maximum.<\/p>\n\n\n\n<p><strong>M\u00e9thodes p\u00e9dagogiques :<\/strong><br>Apprentissage th\u00e9orique et pratique.<br><\/p>\n\n\n\n<p><strong>Validation des acquis :<\/strong><br>Attestation de formation<\/p>\n\n\n\n<p><strong>Mat\u00e9riel p\u00e9dagogique :<\/strong><br>Ordinateur, vid\u00e9oprojecteur, pr\u00e9sentation PowerPoint, livret de formation.<\/p>\n\n\n\n<p><br><strong>Accessibilit\u00e9 :<\/strong><br>SSF s\u2019engage \u00e0 favoriser l\u2019acc\u00e8s \u00e0 la formation pour toutes et pour tous. Pour toute question, vous pouvez solliciter notre r\u00e9f\u00e9rent handicap.<\/p>\n\n\n\n<p><strong>Lieu de formation :<\/strong><br>Formation Intra-Entreprise, la formation est r\u00e9alis\u00e9e dans vos locaux selon vos disponibilit\u00e9s.<\/p>\n\n\n\n<p><strong>Informations tarifaire :<\/strong><br>Pour obtenir un tarif veuillez nous contacter via les moyens de contact ci-dessous.<br><br>T\u00e9l\u00e9phone : 06.19.28.18.56<br>Mail : securiteservicesformations@gmail.com<\/p>\n\n\n\n<p><strong>Plaquette de formation<\/strong> :<\/p>\n\n\n\n<div data-wp-interactive=\"core\/file\" class=\"wp-block-file\"><object data-wp-bind--hidden=\"!state.hasPdfPreview\" hidden class=\"wp-block-file__embed\" data=\"https:\/\/securiteservicesformations.com\/wp-content\/uploads\/2024\/01\/Programme-Premiers-secours-en-entreprise-1.pdf\" type=\"application\/pdf\" style=\"width:100%;height:600px\" aria-label=\"Contenu embarqu\u00e9 Programme-Premiers-secours-en-entreprise-1.\"><\/object><a id=\"wp-block-file--media-1fd5e3ac-1022-4e10-9a67-26a580eb539a\" href=\"https:\/\/securiteservicesformations.com\/wp-content\/uploads\/2024\/01\/Programme-Premiers-secours-en-entreprise-1.pdf\">Programme-Premiers-secours-en-entreprise-1<\/a><a href=\"https:\/\/securiteservicesformations.com\/wp-content\/uploads\/2024\/01\/Programme-Premiers-secours-en-entreprise-1.pdf\" class=\"wp-block-file__button wp-element-button\" download aria-describedby=\"wp-block-file--media-1fd5e3ac-1022-4e10-9a67-26a580eb539a\"><\/a><\/div>\n","protected":false},"excerpt":{"rendered":"<p>Description de la formation : Ma\u00eetriser les gestes qui sauvent est devenu indispensable aujourd&rsquo;hui en entreprise. A ce titre, nous vous proposons un programme de formation aux premiers secours&#8230;.<\/p>\n","protected":false},"author":1,"featured_media":196,"parent":0,"menu_order":0,"comment_status":"closed","ping_status":"closed","template":"","meta":{"footnotes":""},"class_list":["post-195","page","type-page","status-publish","has-post-thumbnail","hentry"],"yoast_head":"<!-- This site is optimized with the Yoast SEO plugin v24.5 - https:\/\/yoast.com\/wordpress\/plugins\/seo\/ -->\n<title>Premiers Secours en entreprise - S\u00e9curit\u00e9 services formations<\/title>\n<meta name=\"robots\" content=\"index, follow, max-snippet:-1, max-image-preview:large, max-video-preview:-1\" \/>\n<link rel=\"canonical\" href=\"https:\/\/securiteservicesformations.com\/index.php\/formation-gestes-qui-sauvent\/\" \/>\n<meta property=\"og:locale\" content=\"fr_FR\" \/>\n<meta property=\"og:type\" content=\"article\" \/>\n<meta property=\"og:title\" content=\"Premiers Secours en entreprise - S\u00e9curit\u00e9 services formations\" \/>\n<meta property=\"og:description\" content=\"Description de la formation : Ma\u00eetriser les gestes qui sauvent est devenu indispensable aujourd&rsquo;hui en entreprise. A ce titre, nous vous proposons un programme de formation aux premiers secours....\" \/>\n<meta property=\"og:url\" content=\"https:\/\/securiteservicesformations.com\/index.php\/formation-gestes-qui-sauvent\/\" \/>\n<meta property=\"og:site_name\" content=\"S\u00e9curit\u00e9 services formations\" \/>\n<meta property=\"og:image\" content=\"https:\/\/securiteservicesformations.com\/wp-content\/uploads\/2024\/01\/fond.jpg\" \/>\n\t<meta property=\"og:image:width\" content=\"1920\" \/>\n\t<meta property=\"og:image:height\" content=\"1080\" \/>\n\t<meta property=\"og:image:type\" content=\"image\/jpeg\" \/>\n<meta name=\"twitter:card\" content=\"summary_large_image\" \/>\n<meta name=\"twitter:label1\" content=\"Dur\u00e9e de lecture estim\u00e9e\" \/>\n\t<meta name=\"twitter:data1\" content=\"2 minutes\" \/>\n<script type=\"application\/ld+json\" class=\"yoast-schema-graph\">{\"@context\":\"https:\/\/schema.org\",\"@graph\":[{\"@type\":\"WebPage\",\"@id\":\"https:\/\/securiteservicesformations.com\/index.php\/formation-gestes-qui-sauvent\/\",\"url\":\"https:\/\/securiteservicesformations.com\/index.php\/formation-gestes-qui-sauvent\/\",\"name\":\"Premiers Secours en entreprise - S\u00e9curit\u00e9 services formations\",\"isPartOf\":{\"@id\":\"https:\/\/securiteservicesformations.com\/#website\"},\"primaryImageOfPage\":{\"@id\":\"https:\/\/securiteservicesformations.com\/index.php\/formation-gestes-qui-sauvent\/#primaryimage\"},\"image\":{\"@id\":\"https:\/\/securiteservicesformations.com\/index.php\/formation-gestes-qui-sauvent\/#primaryimage\"},\"thumbnailUrl\":\"https:\/\/securiteservicesformations.com\/wp-content\/uploads\/2024\/01\/fond.jpg\",\"datePublished\":\"2024-01-02T15:58:01+00:00\",\"breadcrumb\":{\"@id\":\"https:\/\/securiteservicesformations.com\/index.php\/formation-gestes-qui-sauvent\/#breadcrumb\"},\"inLanguage\":\"fr-FR\",\"potentialAction\":[{\"@type\":\"ReadAction\",\"target\":[\"https:\/\/securiteservicesformations.com\/index.php\/formation-gestes-qui-sauvent\/\"]}]},{\"@type\":\"ImageObject\",\"inLanguage\":\"fr-FR\",\"@id\":\"https:\/\/securiteservicesformations.com\/index.php\/formation-gestes-qui-sauvent\/#primaryimage\",\"url\":\"https:\/\/securiteservicesformations.com\/wp-content\/uploads\/2024\/01\/fond.jpg\",\"contentUrl\":\"https:\/\/securiteservicesformations.com\/wp-content\/uploads\/2024\/01\/fond.jpg\",\"width\":1920,\"height\":1080},{\"@type\":\"BreadcrumbList\",\"@id\":\"https:\/\/securiteservicesformations.com\/index.php\/formation-gestes-qui-sauvent\/#breadcrumb\",\"itemListElement\":[{\"@type\":\"ListItem\",\"position\":1,\"name\":\"Accueil\",\"item\":\"https:\/\/securiteservicesformations.com\/\"},{\"@type\":\"ListItem\",\"position\":2,\"name\":\"Premiers Secours en entreprise\"}]},{\"@type\":\"WebSite\",\"@id\":\"https:\/\/securiteservicesformations.com\/#website\",\"url\":\"https:\/\/securiteservicesformations.com\/\",\"name\":\"S\u00e9curit\u00e9 services formations\",\"description\":\"Entreprise proposant des formations.\",\"publisher\":{\"@id\":\"https:\/\/securiteservicesformations.com\/#organization\"},\"potentialAction\":[{\"@type\":\"SearchAction\",\"target\":{\"@type\":\"EntryPoint\",\"urlTemplate\":\"https:\/\/securiteservicesformations.com\/?s={search_term_string}\"},\"query-input\":{\"@type\":\"PropertyValueSpecification\",\"valueRequired\":true,\"valueName\":\"search_term_string\"}}],\"inLanguage\":\"fr-FR\"},{\"@type\":\"Organization\",\"@id\":\"https:\/\/securiteservicesformations.com\/#organization\",\"name\":\"S\u00e9curit\u00e9 services formations\",\"url\":\"https:\/\/securiteservicesformations.com\/\",\"logo\":{\"@type\":\"ImageObject\",\"inLanguage\":\"fr-FR\",\"@id\":\"https:\/\/securiteservicesformations.com\/#\/schema\/logo\/image\/\",\"url\":\"https:\/\/securiteservicesformations.com\/wp-content\/uploads\/2023\/11\/cropped-logo-fafa.jpg\",\"contentUrl\":\"https:\/\/securiteservicesformations.com\/wp-content\/uploads\/2023\/11\/cropped-logo-fafa.jpg\",\"width\":500,\"height\":367,\"caption\":\"S\u00e9curit\u00e9 services formations\"},\"image\":{\"@id\":\"https:\/\/securiteservicesformations.com\/#\/schema\/logo\/image\/\"}}]}<\/script>\n<!-- \/ Yoast SEO plugin. -->","yoast_head_json":{"title":"Premiers Secours en entreprise - S\u00e9curit\u00e9 services formations","robots":{"index":"index","follow":"follow","max-snippet":"max-snippet:-1","max-image-preview":"max-image-preview:large","max-video-preview":"max-video-preview:-1"},"canonical":"https:\/\/securiteservicesformations.com\/index.php\/formation-gestes-qui-sauvent\/","og_locale":"fr_FR","og_type":"article","og_title":"Premiers Secours en entreprise - S\u00e9curit\u00e9 services formations","og_description":"Description de la formation : Ma\u00eetriser les gestes qui sauvent est devenu indispensable aujourd&rsquo;hui en entreprise. A ce titre, nous vous proposons un programme de formation aux premiers secours....","og_url":"https:\/\/securiteservicesformations.com\/index.php\/formation-gestes-qui-sauvent\/","og_site_name":"S\u00e9curit\u00e9 services formations","og_image":[{"width":1920,"height":1080,"url":"https:\/\/securiteservicesformations.com\/wp-content\/uploads\/2024\/01\/fond.jpg","type":"image\/jpeg"}],"twitter_card":"summary_large_image","twitter_misc":{"Dur\u00e9e de lecture estim\u00e9e":"2 minutes"},"schema":{"@context":"https:\/\/schema.org","@graph":[{"@type":"WebPage","@id":"https:\/\/securiteservicesformations.com\/index.php\/formation-gestes-qui-sauvent\/","url":"https:\/\/securiteservicesformations.com\/index.php\/formation-gestes-qui-sauvent\/","name":"Premiers Secours en entreprise - S\u00e9curit\u00e9 services formations","isPartOf":{"@id":"https:\/\/securiteservicesformations.com\/#website"},"primaryImageOfPage":{"@id":"https:\/\/securiteservicesformations.com\/index.php\/formation-gestes-qui-sauvent\/#primaryimage"},"image":{"@id":"https:\/\/securiteservicesformations.com\/index.php\/formation-gestes-qui-sauvent\/#primaryimage"},"thumbnailUrl":"https:\/\/securiteservicesformations.com\/wp-content\/uploads\/2024\/01\/fond.jpg","datePublished":"2024-01-02T15:58:01+00:00","breadcrumb":{"@id":"https:\/\/securiteservicesformations.com\/index.php\/formation-gestes-qui-sauvent\/#breadcrumb"},"inLanguage":"fr-FR","potentialAction":[{"@type":"ReadAction","target":["https:\/\/securiteservicesformations.com\/index.php\/formation-gestes-qui-sauvent\/"]}]},{"@type":"ImageObject","inLanguage":"fr-FR","@id":"https:\/\/securiteservicesformations.com\/index.php\/formation-gestes-qui-sauvent\/#primaryimage","url":"https:\/\/securiteservicesformations.com\/wp-content\/uploads\/2024\/01\/fond.jpg","contentUrl":"https:\/\/securiteservicesformations.com\/wp-content\/uploads\/2024\/01\/fond.jpg","width":1920,"height":1080},{"@type":"BreadcrumbList","@id":"https:\/\/securiteservicesformations.com\/index.php\/formation-gestes-qui-sauvent\/#breadcrumb","itemListElement":[{"@type":"ListItem","position":1,"name":"Accueil","item":"https:\/\/securiteservicesformations.com\/"},{"@type":"ListItem","position":2,"name":"Premiers Secours en entreprise"}]},{"@type":"WebSite","@id":"https:\/\/securiteservicesformations.com\/#website","url":"https:\/\/securiteservicesformations.com\/","name":"S\u00e9curit\u00e9 services formations","description":"Entreprise proposant des formations.","publisher":{"@id":"https:\/\/securiteservicesformations.com\/#organization"},"potentialAction":[{"@type":"SearchAction","target":{"@type":"EntryPoint","urlTemplate":"https:\/\/securiteservicesformations.com\/?s={search_term_string}"},"query-input":{"@type":"PropertyValueSpecification","valueRequired":true,"valueName":"search_term_string"}}],"inLanguage":"fr-FR"},{"@type":"Organization","@id":"https:\/\/securiteservicesformations.com\/#organization","name":"S\u00e9curit\u00e9 services formations","url":"https:\/\/securiteservicesformations.com\/","logo":{"@type":"ImageObject","inLanguage":"fr-FR","@id":"https:\/\/securiteservicesformations.com\/#\/schema\/logo\/image\/","url":"https:\/\/securiteservicesformations.com\/wp-content\/uploads\/2023\/11\/cropped-logo-fafa.jpg","contentUrl":"https:\/\/securiteservicesformations.com\/wp-content\/uploads\/2023\/11\/cropped-logo-fafa.jpg","width":500,"height":367,"caption":"S\u00e9curit\u00e9 services formations"},"image":{"@id":"https:\/\/securiteservicesformations.com\/#\/schema\/logo\/image\/"}}]}},"_links":{"self":[{"href":"https:\/\/securiteservicesformations.com\/index.php\/wp-json\/wp\/v2\/pages\/195","targetHints":{"allow":["GET"]}}],"collection":[{"href":"https:\/\/securiteservicesformations.com\/index.php\/wp-json\/wp\/v2\/pages"}],"about":[{"href":"https:\/\/securiteservicesformations.com\/index.php\/wp-json\/wp\/v2\/types\/page"}],"author":[{"embeddable":true,"href":"https:\/\/securiteservicesformations.com\/index.php\/wp-json\/wp\/v2\/users\/1"}],"replies":[{"embeddable":true,"href":"https:\/\/securiteservicesformations.com\/index.php\/wp-json\/wp\/v2\/comments?post=195"}],"version-history":[{"count":2,"href":"https:\/\/securiteservicesformations.com\/index.php\/wp-json\/wp\/v2\/pages\/195\/revisions"}],"predecessor-version":[{"id":238,"href":"https:\/\/securiteservicesformations.com\/index.php\/wp-json\/wp\/v2\/pages\/195\/revisions\/238"}],"wp:featuredmedia":[{"embeddable":true,"href":"https:\/\/securiteservicesformations.com\/index.php\/wp-json\/wp\/v2\/media\/196"}],"wp:attachment":[{"href":"https:\/\/securiteservicesformations.com\/index.php\/wp-json\/wp\/v2\/media?parent=195"}],"curies":[{"name":"wp","href":"https:\/\/api.w.org\/{rel}","templated":true}]}}