{"id":147,"date":"2023-12-07T15:48:24","date_gmt":"2023-12-07T14:48:24","guid":{"rendered":"https:\/\/sercuriteservicesformations.fr\/?page_id=147"},"modified":"2024-01-02T15:36:10","modified_gmt":"2024-01-02T14:36:10","slug":"formation-aipr","status":"publish","type":"page","link":"https:\/\/securiteservicesformations.com\/index.php\/formation-aipr\/","title":{"rendered":"A.I.P.R \nAutorisation d&rsquo;Intervention \u00e0 Proximit\u00e9 des R\u00e9seaux"},"content":{"rendered":"\n<hr class=\"wp-block-separator has-alpha-channel-opacity\"\/>\n\n\n\n<h2 class=\"wp-block-heading\">Description de la formation :<\/h2>\n\n\n\n<p>Depuis le 1er janvier 2018, l\u2019obligation de d\u00e9tention de l\u2019AIPR (Autorisation d\u2019Intervention \u00e0 proximit\u00e9 des R\u00e9seaux) est obligatoire dans le cadre du renforcement des comp\u00e9tences des intervenants en pr\u00e9paration et ex\u00e9cution de travaux (r\u00e9forme anti-endommagement).<br><br><span style=\"text-decoration: underline;\">3 publics sont concern\u00e9s :<\/span><br><br>&#8211; Concepteur : Personnel du ma\u00eetre d\u2019ouvrage ou du ma\u00eetre d\u2019\u0153uvre intervenant dans la pr\u00e9paration ou suivi des projets de travaux. Mais \u00e9galement, tout prestataire en localisation des r\u00e9seaux ou en r\u00e9colement de r\u00e9seaux neufs voulant \u00eatre certifi\u00e9s (la d\u00e9tention de l\u2019AIPR Concepteur \u00e9tant un pr\u00e9requis \u00e0 la certification).<br><br>&#8211; Encadrant : Personnel intervenant en pr\u00e9paration administrative et technique des travaux (chef de chantier, conducteur de travaux).<br><br>&#8211; Op\u00e9rateur : Conducteurs d\u2019engins de levage ou d\u2019excavation, Op\u00e9rateurs r\u00e9alisant des travaux urgents.<\/p>\n\n\n\n<hr class=\"wp-block-separator has-alpha-channel-opacity\"\/>\n\n\n\n<h2 class=\"wp-block-heading\">Informations pratiques :<\/h2>\n\n\n\n<p><strong>Dur\u00e9e de la formation :<\/strong><br>1 jour (2h en pr\u00e9sentiel)<\/p>\n\n\n\n<p><strong>Public concern\u00e9 :<\/strong><br><br>Pour le module Op\u00e9rateur :<br>Conducteurs d\u2019engins de levage ou d\u2019excavation, Op\u00e9rateurs r\u00e9alisant des travaux urgents.<br><br>Pour le module Concepteur et\/ou Encadrant : <br>Chef de chantier, conducteur de travaux, Bureau d\u2019\u00e9tude, Assistant \u00e0 ma\u00eetrise d\u2019ouvrage, Ma\u00eetre d\u2019\u0153uvre, Maitrise d\u2019ouvrage, G\u00e9om\u00e8tre\/ topographe.<\/p>\n\n\n\n<p><strong>Effectif par session :<\/strong><br>10 participants par groupe maximum.<\/p>\n\n\n\n<p><strong>M\u00e9thodes p\u00e9dagogiques :<\/strong><br>Apprentissage th\u00e9orique et pratique.<\/p>\n\n\n\n<p><strong>Maintien des comp\u00e9tences :<\/strong><br>L\u2019AIPR a une dur\u00e9e de validit\u00e9 de 5 ans, d\u00e8s lors que la d\u00e9livrance de l\u2019AIPR fait r\u00e9f\u00e9rence \u00e0 un CACES, cette limite de validit\u00e9 ne peut d\u00e9passer la limite du CACES. <br>Au-del\u00e0 de cette p\u00e9riode de validit\u00e9, l\u2019AIPR doit \u00eatre renouvel\u00e9e.<\/p>\n\n\n\n<p><strong>Validation des acquis :<\/strong><br>Attestation de r\u00e9ussite \u00e0 l\u2019examen QCM AIPR Op\u00e9rateur, Concepteur et\/ou Encadrant, en vue de la d\u00e9livrance de l\u2019AIPR.<\/p>\n\n\n\n<p><strong>Mat\u00e9riel p\u00e9dagogique :<\/strong><br>Ordinateur, vid\u00e9oprojecteur, pr\u00e9sentation PowerPoint, livret de formation.<\/p>\n\n\n\n<p><strong>R\u00e9f\u00e9rences r\u00e9glementaires :<\/strong><br>Chaque ann\u00e9e, plus de 100 000 dommages sont d\u00e9plor\u00e9s lors de travaux effectu\u00e9s au voisinage des 4 millions de kilom\u00e8tres de r\u00e9seaux a\u00e9riens ou souterrains implant\u00e9s en France. Ces incidents entra\u00eenent des arr\u00eats de chantiers, une interruption des services publics, et des perturbations de la circulation sur les voies publiques. Afin de r\u00e9duire significativement les endommagements des r\u00e9seaux, la r\u00e9glementation a \u00e9t\u00e9 profond\u00e9ment r\u00e9vis\u00e9e.<br><br>D\u00e9sormais codifi\u00e9e dans le code de l\u2019environnement aux articles L. 554-1 \u00e0 L. 554-5 et R. 554-1 \u00e0 R. 554-38, elle implique aussi bien les exploitants de r\u00e9seaux, que les ma\u00eetres d\u2019ouvrage, qui doivent rendre plus s\u00fbrs leurs projets \u00e0 proximit\u00e9 des r\u00e9seaux, et les ex\u00e9cutants de travaux, qui doivent s\u00e9curiser leurs chantiers.<br><br>Concr\u00e8tement, toute personne envisageant de r\u00e9aliser des travaux a l\u2019obligation de consulter, \u00e0 partir du 1er juillet 2012, le nouveau t\u00e9l\u00e9service www.reseaux-et-canalisations.gouv.fr afin d\u2019obtenir la liste des exploitants auxquels ils devront adresser les nouvelles d\u00e9clarations r\u00e9glementaires de projet de travaux (DT) et d\u2019intention de commencement de travaux (DICT). Ce guichet unique remplace le dispositif de recensement des r\u00e9seaux et de leurs exploitants g\u00e9r\u00e9 avant le 1er juillet 2012 par chaque commune.<br><br>Pour en savoir plus sur les nouvelles dispositions anti-endommagement : <br><a href=\"http:\/\/www.reseaux-et-canalisations.gouv.fr\" data-type=\"link\" data-id=\"www.reseaux-et-canalisations.gouv.fr\">www.reseaux-et-canalisations.gouv.fr<\/a><br><br>En vigueur depuis le 1er janvier dernier, un arr\u00eat\u00e9 renforce le contr\u00f4le des personnes intervenant sur les chantiers \u00e0 proximit\u00e9 des r\u00e9seaux en encadrant l\u2019examen par un QCM. L\u2019arr\u00eat\u00e9 du 22 d\u00e9cembre 2015 est entr\u00e9 en vigueur le 1er janvier dernier. Il pr\u00e9cise les modalit\u00e9s d\u2019application de l\u2019arr\u00eat\u00e9 du 15 f\u00e9vrier 2012 modifi\u00e9 relatif \u00e0 la r\u00e9forme \u00ab anti-endommagement \u00bb DT-DICT (D\u00e9claration de travaux-D\u00e9claration d\u2019intention de commencement de travaux). Il renforce le contr\u00f4le des personnes intervenant sur les chantiers \u00e0 proximit\u00e9 des r\u00e9seaux en encadrant l\u2019examen par un questionnaire \u00e0 choix multiples (QCM). Ce questionnaire permet aux personnes intervenant sous la direction des responsables de projet de travaux et des ex\u00e9cutants de travaux d\u2019obtenir en premier lieu une attestation de comp\u00e9tence d\u00e9livr\u00e9e par le centre d\u2019examen et, en second lieu, une autorisation d\u2019intervention \u00e0 proximit\u00e9 des r\u00e9seaux (AIPR) d\u00e9livr\u00e9e par leur employeur. Il concerne les ex\u00e9cutants de travaux \u00e0 proximit\u00e9 des r\u00e9seaux a\u00e9riens, enterr\u00e9s et subaquatiques de toutes cat\u00e9gories, les exploitants desdits r\u00e9seaux ainsi que les centres de formation et les centres d\u2019examen par QCM. En outre, l\u2019arr\u00eat\u00e9 minist\u00e9riel pr\u00e9voit \u00e9galement des mesures de simplification visant \u00e0 limiter au strict n\u00e9cessaire les cat\u00e9gories de personnes soumises \u00e0 l\u2019obligation d\u2019AIPR. Des mesures de transition permettront \u00e9galement aux personnes disposant de titres, dipl\u00f4mes, certificats de qualification professionnelle ou Caces ne prenant pas encore en compte l\u2019intervention \u00e0 proximit\u00e9 des r\u00e9seaux d\u2019obtenir l\u2019AIPR. Enfin, il reporte la date d\u2019application des obligations relatives aux comp\u00e9tences au 1er janvier 2018, au lieu du 1er janvier 2017.<\/p>\n\n\n\n<p><strong>Accessibilit\u00e9 :<\/strong><br>SSF s\u2019engage \u00e0 favoriser l\u2019acc\u00e8s \u00e0 la formation pour toutes et pour tous. Pour toute question, vous pouvez solliciter notre r\u00e9f\u00e9rent handicap.<\/p>\n\n\n\n<p><strong>Lieu de formation :<\/strong><br>Formation Intra-Entreprise, la formation est r\u00e9alis\u00e9e dans vos locaux selon vos disponibilit\u00e9s.<\/p>\n\n\n\n<p><strong>Informations tarifaire :<\/strong><br>Pour obtenir un tarif veuillez nous contacter via les moyens de contact ci-dessous.<br><br>T\u00e9l\u00e9phone : 06.19.28.18.56<br>Mail : securiteservicesformations@gmail.com<\/p>\n\n\n\n<p><strong>Plaquettes de formation :<\/strong><\/p>\n\n\n\n<div data-wp-interactive=\"core\/file\" class=\"wp-block-file\"><object data-wp-bind--hidden=\"!state.hasPdfPreview\" hidden class=\"wp-block-file__embed\" data=\"https:\/\/securiteservicesformations.com\/wp-content\/uploads\/2024\/01\/programme-aipr-operateur-SSF.pdf\" type=\"application\/pdf\" style=\"width:100%;height:600px\" aria-label=\"Contenu embarqu\u00e9 programme-aipr-operateur-SSF.\"><\/object><a id=\"wp-block-file--media-ddb41010-8179-438e-93b8-7a6a18f58f5e\" href=\"https:\/\/securiteservicesformations.com\/wp-content\/uploads\/2024\/01\/programme-aipr-operateur-SSF.pdf\">programme-aipr-operateur-SSF<\/a><a href=\"https:\/\/securiteservicesformations.com\/wp-content\/uploads\/2024\/01\/programme-aipr-operateur-SSF.pdf\" class=\"wp-block-file__button wp-element-button\" download aria-describedby=\"wp-block-file--media-ddb41010-8179-438e-93b8-7a6a18f58f5e\">T\u00e9l\u00e9charger<\/a><\/div>\n\n\n\n<div data-wp-interactive=\"core\/file\" class=\"wp-block-file\"><object data-wp-bind--hidden=\"!state.hasPdfPreview\" hidden class=\"wp-block-file__embed\" data=\"https:\/\/securiteservicesformations.com\/wp-content\/uploads\/2024\/01\/programme-aipr-encadrant-concepteur-SSF.pdf\" type=\"application\/pdf\" style=\"width:100%;height:600px\" aria-label=\"Contenu embarqu\u00e9 programme-aipr-encadrant-concepteur-SSF.\"><\/object><a id=\"wp-block-file--media-8c857b75-a8fc-49e8-be13-fe5863a4fb88\" href=\"https:\/\/securiteservicesformations.com\/wp-content\/uploads\/2024\/01\/programme-aipr-encadrant-concepteur-SSF.pdf\">programme-aipr-encadrant-concepteur-SSF<\/a><a href=\"https:\/\/securiteservicesformations.com\/wp-content\/uploads\/2024\/01\/programme-aipr-encadrant-concepteur-SSF.pdf\" class=\"wp-block-file__button wp-element-button\" download aria-describedby=\"wp-block-file--media-8c857b75-a8fc-49e8-be13-fe5863a4fb88\">T\u00e9l\u00e9charger<\/a><\/div>\n","protected":false},"excerpt":{"rendered":"<p>Description de la formation : Depuis le 1er janvier 2018, l\u2019obligation de d\u00e9tention de l\u2019AIPR (Autorisation d\u2019Intervention \u00e0 proximit\u00e9 des R\u00e9seaux) est obligatoire dans le cadre du renforcement des&#8230;<\/p>\n","protected":false},"author":1,"featured_media":149,"parent":0,"menu_order":0,"comment_status":"closed","ping_status":"closed","template":"","meta":{"footnotes":""},"class_list":["post-147","page","type-page","status-publish","has-post-thumbnail","hentry"],"yoast_head":"<!-- This site is optimized with the Yoast SEO plugin v24.5 - https:\/\/yoast.com\/wordpress\/plugins\/seo\/ -->\n<title>A.I.P.R Autorisation d&#039;Intervention \u00e0 Proximit\u00e9 des R\u00e9seaux - S\u00e9curit\u00e9 services formations<\/title>\n<meta name=\"robots\" content=\"index, follow, max-snippet:-1, max-image-preview:large, max-video-preview:-1\" \/>\n<link rel=\"canonical\" href=\"https:\/\/securiteservicesformations.com\/index.php\/formation-aipr\/\" \/>\n<meta property=\"og:locale\" content=\"fr_FR\" \/>\n<meta property=\"og:type\" content=\"article\" \/>\n<meta property=\"og:title\" content=\"A.I.P.R Autorisation d&#039;Intervention \u00e0 Proximit\u00e9 des R\u00e9seaux - S\u00e9curit\u00e9 services formations\" \/>\n<meta property=\"og:description\" content=\"Description de la formation : Depuis le 1er janvier 2018, l\u2019obligation de d\u00e9tention de l\u2019AIPR (Autorisation d\u2019Intervention \u00e0 proximit\u00e9 des R\u00e9seaux) est obligatoire dans le cadre du renforcement des...\" \/>\n<meta property=\"og:url\" content=\"https:\/\/securiteservicesformations.com\/index.php\/formation-aipr\/\" \/>\n<meta property=\"og:site_name\" content=\"S\u00e9curit\u00e9 services formations\" \/>\n<meta property=\"article:modified_time\" content=\"2024-01-02T14:36:10+00:00\" \/>\n<meta property=\"og:image\" content=\"https:\/\/securiteservicesformations.com\/wp-content\/uploads\/2023\/12\/focus-formation-aipr.png\" \/>\n\t<meta property=\"og:image:width\" content=\"1280\" \/>\n\t<meta property=\"og:image:height\" content=\"720\" \/>\n\t<meta property=\"og:image:type\" content=\"image\/png\" \/>\n<meta name=\"twitter:card\" content=\"summary_large_image\" \/>\n<meta name=\"twitter:label1\" content=\"Dur\u00e9e de lecture estim\u00e9e\" \/>\n\t<meta name=\"twitter:data1\" content=\"5 minutes\" \/>\n<script type=\"application\/ld+json\" class=\"yoast-schema-graph\">{\"@context\":\"https:\/\/schema.org\",\"@graph\":[{\"@type\":\"WebPage\",\"@id\":\"https:\/\/securiteservicesformations.com\/index.php\/formation-aipr\/\",\"url\":\"https:\/\/securiteservicesformations.com\/index.php\/formation-aipr\/\",\"name\":\"A.I.P.R Autorisation d'Intervention \u00e0 Proximit\u00e9 des R\u00e9seaux - S\u00e9curit\u00e9 services formations\",\"isPartOf\":{\"@id\":\"https:\/\/securiteservicesformations.com\/#website\"},\"primaryImageOfPage\":{\"@id\":\"https:\/\/securiteservicesformations.com\/index.php\/formation-aipr\/#primaryimage\"},\"image\":{\"@id\":\"https:\/\/securiteservicesformations.com\/index.php\/formation-aipr\/#primaryimage\"},\"thumbnailUrl\":\"https:\/\/securiteservicesformations.com\/wp-content\/uploads\/2023\/12\/focus-formation-aipr.png\",\"datePublished\":\"2023-12-07T14:48:24+00:00\",\"dateModified\":\"2024-01-02T14:36:10+00:00\",\"breadcrumb\":{\"@id\":\"https:\/\/securiteservicesformations.com\/index.php\/formation-aipr\/#breadcrumb\"},\"inLanguage\":\"fr-FR\",\"potentialAction\":[{\"@type\":\"ReadAction\",\"target\":[\"https:\/\/securiteservicesformations.com\/index.php\/formation-aipr\/\"]}]},{\"@type\":\"ImageObject\",\"inLanguage\":\"fr-FR\",\"@id\":\"https:\/\/securiteservicesformations.com\/index.php\/formation-aipr\/#primaryimage\",\"url\":\"https:\/\/securiteservicesformations.com\/wp-content\/uploads\/2023\/12\/focus-formation-aipr.png\",\"contentUrl\":\"https:\/\/securiteservicesformations.com\/wp-content\/uploads\/2023\/12\/focus-formation-aipr.png\",\"width\":1280,\"height\":720},{\"@type\":\"BreadcrumbList\",\"@id\":\"https:\/\/securiteservicesformations.com\/index.php\/formation-aipr\/#breadcrumb\",\"itemListElement\":[{\"@type\":\"ListItem\",\"position\":1,\"name\":\"Accueil\",\"item\":\"https:\/\/securiteservicesformations.com\/\"},{\"@type\":\"ListItem\",\"position\":2,\"name\":\"A.I.P.R Autorisation d&rsquo;Intervention \u00e0 Proximit\u00e9 des R\u00e9seaux\"}]},{\"@type\":\"WebSite\",\"@id\":\"https:\/\/securiteservicesformations.com\/#website\",\"url\":\"https:\/\/securiteservicesformations.com\/\",\"name\":\"S\u00e9curit\u00e9 services formations\",\"description\":\"Entreprise proposant des formations.\",\"publisher\":{\"@id\":\"https:\/\/securiteservicesformations.com\/#organization\"},\"potentialAction\":[{\"@type\":\"SearchAction\",\"target\":{\"@type\":\"EntryPoint\",\"urlTemplate\":\"https:\/\/securiteservicesformations.com\/?s={search_term_string}\"},\"query-input\":{\"@type\":\"PropertyValueSpecification\",\"valueRequired\":true,\"valueName\":\"search_term_string\"}}],\"inLanguage\":\"fr-FR\"},{\"@type\":\"Organization\",\"@id\":\"https:\/\/securiteservicesformations.com\/#organization\",\"name\":\"S\u00e9curit\u00e9 services formations\",\"url\":\"https:\/\/securiteservicesformations.com\/\",\"logo\":{\"@type\":\"ImageObject\",\"inLanguage\":\"fr-FR\",\"@id\":\"https:\/\/securiteservicesformations.com\/#\/schema\/logo\/image\/\",\"url\":\"https:\/\/securiteservicesformations.com\/wp-content\/uploads\/2023\/11\/cropped-logo-fafa.jpg\",\"contentUrl\":\"https:\/\/securiteservicesformations.com\/wp-content\/uploads\/2023\/11\/cropped-logo-fafa.jpg\",\"width\":500,\"height\":367,\"caption\":\"S\u00e9curit\u00e9 services formations\"},\"image\":{\"@id\":\"https:\/\/securiteservicesformations.com\/#\/schema\/logo\/image\/\"}}]}<\/script>\n<!-- \/ Yoast SEO plugin. -->","yoast_head_json":{"title":"A.I.P.R Autorisation d'Intervention \u00e0 Proximit\u00e9 des R\u00e9seaux - S\u00e9curit\u00e9 services formations","robots":{"index":"index","follow":"follow","max-snippet":"max-snippet:-1","max-image-preview":"max-image-preview:large","max-video-preview":"max-video-preview:-1"},"canonical":"https:\/\/securiteservicesformations.com\/index.php\/formation-aipr\/","og_locale":"fr_FR","og_type":"article","og_title":"A.I.P.R Autorisation d'Intervention \u00e0 Proximit\u00e9 des R\u00e9seaux - S\u00e9curit\u00e9 services formations","og_description":"Description de la formation : Depuis le 1er janvier 2018, l\u2019obligation de d\u00e9tention de l\u2019AIPR (Autorisation d\u2019Intervention \u00e0 proximit\u00e9 des R\u00e9seaux) est obligatoire dans le cadre du renforcement des...","og_url":"https:\/\/securiteservicesformations.com\/index.php\/formation-aipr\/","og_site_name":"S\u00e9curit\u00e9 services formations","article_modified_time":"2024-01-02T14:36:10+00:00","og_image":[{"width":1280,"height":720,"url":"https:\/\/securiteservicesformations.com\/wp-content\/uploads\/2023\/12\/focus-formation-aipr.png","type":"image\/png"}],"twitter_card":"summary_large_image","twitter_misc":{"Dur\u00e9e de lecture estim\u00e9e":"5 minutes"},"schema":{"@context":"https:\/\/schema.org","@graph":[{"@type":"WebPage","@id":"https:\/\/securiteservicesformations.com\/index.php\/formation-aipr\/","url":"https:\/\/securiteservicesformations.com\/index.php\/formation-aipr\/","name":"A.I.P.R Autorisation d'Intervention \u00e0 Proximit\u00e9 des R\u00e9seaux - S\u00e9curit\u00e9 services formations","isPartOf":{"@id":"https:\/\/securiteservicesformations.com\/#website"},"primaryImageOfPage":{"@id":"https:\/\/securiteservicesformations.com\/index.php\/formation-aipr\/#primaryimage"},"image":{"@id":"https:\/\/securiteservicesformations.com\/index.php\/formation-aipr\/#primaryimage"},"thumbnailUrl":"https:\/\/securiteservicesformations.com\/wp-content\/uploads\/2023\/12\/focus-formation-aipr.png","datePublished":"2023-12-07T14:48:24+00:00","dateModified":"2024-01-02T14:36:10+00:00","breadcrumb":{"@id":"https:\/\/securiteservicesformations.com\/index.php\/formation-aipr\/#breadcrumb"},"inLanguage":"fr-FR","potentialAction":[{"@type":"ReadAction","target":["https:\/\/securiteservicesformations.com\/index.php\/formation-aipr\/"]}]},{"@type":"ImageObject","inLanguage":"fr-FR","@id":"https:\/\/securiteservicesformations.com\/index.php\/formation-aipr\/#primaryimage","url":"https:\/\/securiteservicesformations.com\/wp-content\/uploads\/2023\/12\/focus-formation-aipr.png","contentUrl":"https:\/\/securiteservicesformations.com\/wp-content\/uploads\/2023\/12\/focus-formation-aipr.png","width":1280,"height":720},{"@type":"BreadcrumbList","@id":"https:\/\/securiteservicesformations.com\/index.php\/formation-aipr\/#breadcrumb","itemListElement":[{"@type":"ListItem","position":1,"name":"Accueil","item":"https:\/\/securiteservicesformations.com\/"},{"@type":"ListItem","position":2,"name":"A.I.P.R Autorisation d&rsquo;Intervention \u00e0 Proximit\u00e9 des R\u00e9seaux"}]},{"@type":"WebSite","@id":"https:\/\/securiteservicesformations.com\/#website","url":"https:\/\/securiteservicesformations.com\/","name":"S\u00e9curit\u00e9 services formations","description":"Entreprise proposant des formations.","publisher":{"@id":"https:\/\/securiteservicesformations.com\/#organization"},"potentialAction":[{"@type":"SearchAction","target":{"@type":"EntryPoint","urlTemplate":"https:\/\/securiteservicesformations.com\/?s={search_term_string}"},"query-input":{"@type":"PropertyValueSpecification","valueRequired":true,"valueName":"search_term_string"}}],"inLanguage":"fr-FR"},{"@type":"Organization","@id":"https:\/\/securiteservicesformations.com\/#organization","name":"S\u00e9curit\u00e9 services formations","url":"https:\/\/securiteservicesformations.com\/","logo":{"@type":"ImageObject","inLanguage":"fr-FR","@id":"https:\/\/securiteservicesformations.com\/#\/schema\/logo\/image\/","url":"https:\/\/securiteservicesformations.com\/wp-content\/uploads\/2023\/11\/cropped-logo-fafa.jpg","contentUrl":"https:\/\/securiteservicesformations.com\/wp-content\/uploads\/2023\/11\/cropped-logo-fafa.jpg","width":500,"height":367,"caption":"S\u00e9curit\u00e9 services formations"},"image":{"@id":"https:\/\/securiteservicesformations.com\/#\/schema\/logo\/image\/"}}]}},"_links":{"self":[{"href":"https:\/\/securiteservicesformations.com\/index.php\/wp-json\/wp\/v2\/pages\/147","targetHints":{"allow":["GET"]}}],"collection":[{"href":"https:\/\/securiteservicesformations.com\/index.php\/wp-json\/wp\/v2\/pages"}],"about":[{"href":"https:\/\/securiteservicesformations.com\/index.php\/wp-json\/wp\/v2\/types\/page"}],"author":[{"embeddable":true,"href":"https:\/\/securiteservicesformations.com\/index.php\/wp-json\/wp\/v2\/users\/1"}],"replies":[{"embeddable":true,"href":"https:\/\/securiteservicesformations.com\/index.php\/wp-json\/wp\/v2\/comments?post=147"}],"version-history":[{"count":2,"href":"https:\/\/securiteservicesformations.com\/index.php\/wp-json\/wp\/v2\/pages\/147\/revisions"}],"predecessor-version":[{"id":233,"href":"https:\/\/securiteservicesformations.com\/index.php\/wp-json\/wp\/v2\/pages\/147\/revisions\/233"}],"wp:featuredmedia":[{"embeddable":true,"href":"https:\/\/securiteservicesformations.com\/index.php\/wp-json\/wp\/v2\/media\/149"}],"wp:attachment":[{"href":"https:\/\/securiteservicesformations.com\/index.php\/wp-json\/wp\/v2\/media?parent=147"}],"curies":[{"name":"wp","href":"https:\/\/api.w.org\/{rel}","templated":true}]}}